{"id":207,"date":"2018-10-18T16:48:09","date_gmt":"2018-10-18T19:48:09","guid":{"rendered":"https:\/\/pactonet.com.br\/pactoWP\/?page_id=207"},"modified":"2024-11-26T10:41:54","modified_gmt":"2024-11-26T13:41:54","slug":"ajuda","status":"publish","type":"page","link":"https:\/\/pactonet.com.br\/?page_id=207","title":{"rendered":"Ajuda"},"content":{"rendered":"\t\t<div data-elementor-type=\"wp-post\" data-elementor-id=\"207\" class=\"elementor elementor-207\" data-elementor-post-type=\"page\">\n\t\t\t\t\t\t<section class=\"elementor-section elementor-top-section elementor-element elementor-element-45383b70 elementor-section-boxed elementor-section-height-default elementor-section-height-default\" data-id=\"45383b70\" data-element_type=\"section\">\n\t\t\t\t\t\t<div class=\"elementor-container elementor-column-gap-default\">\n\t\t\t\t\t<div class=\"elementor-column elementor-col-100 elementor-top-column elementor-element elementor-element-e4e1fb3\" data-id=\"e4e1fb3\" data-element_type=\"column\">\n\t\t\t<div class=\"elementor-widget-wrap elementor-element-populated\">\n\t\t\t\t\t\t<div class=\"elementor-element elementor-element-b319639 elementor-widget elementor-widget-image\" data-id=\"b319639\" data-element_type=\"widget\" data-widget_type=\"image.default\">\n\t\t\t\t<div class=\"elementor-widget-container\">\n\t\t\t\t\t\t\t\t\t\t\t\t\t\t\t<img fetchpriority=\"high\" decoding=\"async\" width=\"564\" height=\"200\" src=\"https:\/\/pactonet.com.br\/pactoWP\/wp-content\/uploads\/2024\/04\/fraudes-no-boleto-240410.jpg\" class=\"attachment-large size-large wp-image-7577\" alt=\"Fraudes nos Boletos\" srcset=\"https:\/\/pactonet.com.br\/pactoWP\/wp-content\/uploads\/2024\/04\/fraudes-no-boleto-240410.jpg 564w, https:\/\/pactonet.com.br\/pactoWP\/wp-content\/uploads\/2024\/04\/fraudes-no-boleto-240410-300x106.jpg 300w\" sizes=\"(max-width: 564px) 100vw, 564px\" \/>\t\t\t\t\t\t\t\t\t\t\t\t\t\t\t<\/div>\n\t\t\t\t<\/div>\n\t\t\t\t<div class=\"elementor-element elementor-element-0d29179 elementor-widget elementor-widget-text-editor\" data-id=\"0d29179\" data-element_type=\"widget\" data-widget_type=\"text-editor.default\">\n\t\t\t\t<div class=\"elementor-widget-container\">\n\t\t\t\t\t\t\t\t\t<h2><strong style=\"font-size: 18px;\"><span style=\"font-size: 24px;\">Preven\u00e7\u00e3o de Fraudes Digitais: Proteja-se Online<\/span><\/strong><\/h2>\n<div style=\"color: #666666; font-style: normal; font-variant-ligatures: normal; font-variant-caps: normal; font-weight: 400; line-height: 24px;\">\n<p style=\"margin-top: 10px; margin-bottom: 10px; text-size-adjust: 100%; line-height: 24px;\">No mundo digital de hoje, a seguran\u00e7a online nunca foi t\u00e3o importante. Com o aumento de atividades digitais, infelizmente, cresce tamb\u00e9m o n\u00famero de fraudes. Estamos sempre empenhados em garantir a seguran\u00e7a de nossos clientes e queremos compartilhar algumas dicas essenciais para prote\u00e7\u00e3o contra uma variedade de fraudes digitais.<\/p>\n<p style=\"margin-top: 10px; margin-bottom: 10px; text-size-adjust: 100%; line-height: 24px;\"><strong>Dicas de Seguran\u00e7a:<\/strong><\/p>\n<ol>\n<li style=\"text-size-adjust: 100%; line-height: 24px;\">\n<p style=\"margin-top: 10px; margin-bottom: 10px; text-size-adjust: 100%; line-height: 24px;\"><strong>Verifica\u00e7\u00e3o de Autenticidade:<\/strong>\u00a0Sempre confirme a autenticidade de qualquer comunica\u00e7\u00e3o financeira ou solicita\u00e7\u00e3o online. Isso inclui e-mails, mensagens de WhatsApp, e postagens em redes sociais. Certifique-se de que os dados do remetente ou benefici\u00e1rio, como nome e CNPJ, est\u00e3o corretos.<\/p>\n<\/li>\n<li style=\"text-size-adjust: 100%; line-height: 24px;\">\n<p style=\"margin-top: 10px; margin-bottom: 10px; text-size-adjust: 100%; line-height: 24px;\"><strong>Aten\u00e7\u00e3o aos Detalhes:<\/strong>\u00a0Fique atento a erros gramaticais, formata\u00e7\u00e3o estranha ou layout inconsistente em comunica\u00e7\u00f5es digitais. Esses s\u00e3o sinais comuns de tentativas de fraude.<\/p>\n<\/li>\n<li style=\"text-size-adjust: 100%; line-height: 24px;\">\n<p style=\"margin-top: 10px; margin-bottom: 10px; text-size-adjust: 100%; line-height: 24px;\"><strong>Atualiza\u00e7\u00f5es de Seguran\u00e7a:<\/strong>\u00a0Mantenha seus dispositivos eletr\u00f4nicos e programas de antiv\u00edrus atualizados para se proteger contra malware e ataques de phishing.<\/p>\n<\/li>\n<li style=\"text-size-adjust: 100%; line-height: 24px;\">\n<p style=\"margin-top: 10px; margin-bottom: 10px; text-size-adjust: 100%; line-height: 24px;\"><strong>Links e Anexos Suspeitos:<\/strong>\u00a0Evite clicar em links ou baixar arquivos de e-mails n\u00e3o solicitados, ou de fontes desconhecidas.<\/p>\n<\/li>\n<li style=\"text-size-adjust: 100%; line-height: 24px;\">\n<p style=\"margin-top: 10px; margin-bottom: 10px; text-size-adjust: 100%; line-height: 24px;\"><strong>Comunica\u00e7\u00e3o Segura:<\/strong>\u00a0Cadastre suas informa\u00e7\u00f5es de contato em canais oficiais, como o nosso site: www.pactonet.com.br, e mantenha essas informa\u00e7\u00f5es atualizadas para receber comunicados oficiais e evitar desinforma\u00e7\u00e3o.<\/p>\n<\/li>\n<\/ol>\n<p style=\"margin-top: 10px; margin-bottom: 10px; text-size-adjust: 100%; line-height: 24px;\"><strong>Exemplos de Fraudes Comuns:<\/strong><\/p>\n<ul>\n<li style=\"text-size-adjust: 100%; line-height: 24px;\">\n<p style=\"margin-top: 10px; margin-bottom: 10px; text-size-adjust: 100%; line-height: 24px;\"><strong>Boletos Falsificados:<\/strong>\u00a0Uma fraude comum envolve a altera\u00e7\u00e3o de boletos banc\u00e1rios, incluindo os condominiais, para desviar fundos. Sempre verifique os dados antes de efetuar pagamentos.<\/p>\n<\/li>\n<li style=\"text-size-adjust: 100%; line-height: 24px;\">\n<p style=\"margin-top: 10px; margin-bottom: 10px; text-size-adjust: 100%; line-height: 24px;\"><strong>Phishing:<\/strong>\u00a0Tentativas de obter informa\u00e7\u00f5es pessoais ou financeiras por meio de e-mails, ou mensagens via WhatsApp que parecem ser de fontes confi\u00e1veis.<\/p>\n<\/li>\n<li style=\"text-size-adjust: 100%; line-height: 24px;\">\n<p style=\"margin-top: 10px; margin-bottom: 10px; text-size-adjust: 100%; line-height: 24px;\"><strong>Golpes em Redes Sociais:<\/strong>\u00a0Falsas promo\u00e7\u00f5es ou pedidos de ajuda financeira por perfis falsos, ou hackeados.<\/p>\n<\/li>\n<\/ul>\n<p style=\"margin-top: 10px; margin-bottom: 10px; text-size-adjust: 100%; line-height: 24px;\"><strong>Em Caso de Suspeita de Fraude:<\/strong><\/p>\n<ul>\n<li style=\"text-size-adjust: 100%; line-height: 24px;\">N\u00e3o prossiga com o pagamento ou fornecimento de informa\u00e7\u00f5es.<\/li>\n<li style=\"text-size-adjust: 100%; line-height: 24px;\">Entre em contato imediatamente com o departamento respons\u00e1vel. Aqui na PACTO, se precisar, use o n\u00famero (31) 3218-5002 (telefone e WhatsApp).<\/li>\n<\/ul>\n<p style=\"margin-top: 10px; margin-bottom: 10px; text-size-adjust: 100%; line-height: 24px;\">Na\u00a0<strong>PACTO<\/strong>, estamos comprometidos em prevenir inconveni\u00eancias e garantir a seguran\u00e7a de todos. Se tiver d\u00favidas ou precisar de mais informa\u00e7\u00f5es, n\u00e3o hesite em nos contatar.<\/p>\n<p style=\"margin-top: 10px; margin-bottom: 10px; text-size-adjust: 100%; line-height: 24px;\">Aqui voc\u00ea pode\u00a0<a href=\"https:\/\/pactonet.com.br\/cuidado-com-as-fraudes-pacto-2404\/\" target=\"_blank\" rel=\"noopener\">baixar um material educativo sobre as fraudes<\/a>\u00a0para compartilhar com seus vizinhos, amigos e familiares. Se voc\u00ea n\u00e3o \u00e9 s\u00edndico, indique esse material para ele tamb\u00e9m. O cartaz pode ser impresso e afixado em local de boa visibilidade para todos os moradores do condom\u00ednio.\u00a0<\/p>\n<p style=\"margin-top: 10px; margin-bottom: 10px; text-size-adjust: 100%; line-height: 24px;\"><strong>Juntos, podemos criar um ambiente digital mais seguro para todos.<\/strong><\/p>\n<\/div>\t\t\t\t\t\t\t\t<\/div>\n\t\t\t\t<\/div>\n\t\t\t\t<div class=\"elementor-element elementor-element-03a9b2f elementor-widget elementor-widget-image\" data-id=\"03a9b2f\" data-element_type=\"widget\" data-widget_type=\"image.default\">\n\t\t\t\t<div class=\"elementor-widget-container\">\n\t\t\t\t\t\t\t\t\t\t\t\t\t\t\t<img decoding=\"async\" width=\"564\" height=\"125\" src=\"https:\/\/pactonet.com.br\/pactoWP\/wp-content\/uploads\/2024\/04\/canais-oficiais-PACTO-240410.jpg\" class=\"attachment-large size-large wp-image-7576\" alt=\"Canais oficiais PACTO\" srcset=\"https:\/\/pactonet.com.br\/pactoWP\/wp-content\/uploads\/2024\/04\/canais-oficiais-PACTO-240410.jpg 564w, https:\/\/pactonet.com.br\/pactoWP\/wp-content\/uploads\/2024\/04\/canais-oficiais-PACTO-240410-300x66.jpg 300w\" sizes=\"(max-width: 564px) 100vw, 564px\" \/>\t\t\t\t\t\t\t\t\t\t\t\t\t\t\t<\/div>\n\t\t\t\t<\/div>\n\t\t\t\t<div class=\"elementor-element elementor-element-45ed106 elementor-widget-divider--view-line elementor-widget elementor-widget-divider\" data-id=\"45ed106\" data-element_type=\"widget\" data-widget_type=\"divider.default\">\n\t\t\t\t<div class=\"elementor-widget-container\">\n\t\t\t\t\t\t\t<div class=\"elementor-divider\">\n\t\t\t<span class=\"elementor-divider-separator\">\n\t\t\t\t\t\t<\/span>\n\t\t<\/div>\n\t\t\t\t\t\t<\/div>\n\t\t\t\t<\/div>\n\t\t\t\t\t<\/div>\n\t\t<\/div>\n\t\t\t\t\t<\/div>\n\t\t<\/section>\n\t\t\t\t<section class=\"elementor-section elementor-top-section elementor-element elementor-element-167c903 elementor-section-boxed elementor-section-height-default elementor-section-height-default\" data-id=\"167c903\" data-element_type=\"section\">\n\t\t\t\t\t\t<div class=\"elementor-container elementor-column-gap-default\">\n\t\t\t\t\t<div class=\"elementor-column elementor-col-100 elementor-top-column elementor-element elementor-element-3417e0f\" data-id=\"3417e0f\" data-element_type=\"column\">\n\t\t\t<div class=\"elementor-widget-wrap elementor-element-populated\">\n\t\t\t\t\t\t<div class=\"elementor-element elementor-element-946d9b6 elementor-widget elementor-widget-text-editor\" data-id=\"946d9b6\" data-element_type=\"widget\" data-widget_type=\"text-editor.default\">\n\t\t\t\t<div class=\"elementor-widget-container\">\n\t\t\t\t\t\t\t\t\t<h1>Acesso: \u00c1rea do Cliente<\/h1>\n<h2><span style=\"font-family: Poppins; font-size: 18px; font-weight: 600;\">Aten\u00e7\u00e3o ao cadastro!<\/span><br><\/h2>\n<p><!-- \/wp:heading --><\/p>\n<p><!-- wp:paragraph --><\/p>\n<p>Para o acesso ser feito da melhor forma, \u00e9 de extrema relev\u00e2ncia que os dados cadastrais estejam atualizados em nosso sistema. Utilizaremos o e-mail para o envio de informa\u00e7\u00f5es, bem como, para o envio do link para cadastramento da senha.<\/p>\n<p><!-- \/wp:paragraph --><\/p>\n<p><!-- wp:heading {\"level\":3} --><\/p>\n<h3>S\u00edndicos, Conselho e Gerentes<\/h3>\n<p><!-- \/wp:heading --><\/p>\n<p><!-- wp:paragraph --><\/p>\n<p>S\u00edndicos, conselheiros e gerentes devem usar apenas CPF e a senha j\u00e1 cadastrada. Para alterar a senha existente, ser\u00e1 necess\u00e1rio clicar em \u201cEsqueci minha Senha\u201d para cadastrar uma nova.<\/p>\n<p><!-- \/wp:paragraph --><\/p>\n<p><!-- wp:heading {\"level\":3} --><\/p>\n<h3>Cond\u00f4minos<\/h3>\n<p><!-- \/wp:heading --><\/p>\n<p><!-- wp:paragraph --><\/p>\n<p>Cond\u00f4minos precisam clicar em \u201cCadastrar Senha\u201d, desta forma uma mensagem contendo o link para cadastramento da senha de acesso ser\u00e1 enviada para o e-mail j\u00e1 existente em nosso sistema.<\/p>\n<p><!-- \/wp:paragraph --><\/p>\t\t\t\t\t\t\t\t<\/div>\n\t\t\t\t<\/div>\n\t\t\t\t<div class=\"elementor-element elementor-element-465fc13 elementor-widget-divider--view-line elementor-widget elementor-widget-divider\" data-id=\"465fc13\" data-element_type=\"widget\" data-widget_type=\"divider.default\">\n\t\t\t\t<div class=\"elementor-widget-container\">\n\t\t\t\t\t\t\t<div class=\"elementor-divider\">\n\t\t\t<span class=\"elementor-divider-separator\">\n\t\t\t\t\t\t<\/span>\n\t\t<\/div>\n\t\t\t\t\t\t<\/div>\n\t\t\t\t<\/div>\n\t\t\t\t\t<\/div>\n\t\t<\/div>\n\t\t\t\t\t<\/div>\n\t\t<\/section>\n\t\t\t\t<section class=\"elementor-section elementor-top-section elementor-element elementor-element-cefbb8e elementor-section-boxed elementor-section-height-default elementor-section-height-default\" data-id=\"cefbb8e\" data-element_type=\"section\">\n\t\t\t\t\t\t<div class=\"elementor-container elementor-column-gap-default\">\n\t\t\t\t\t<div class=\"elementor-column elementor-col-100 elementor-top-column elementor-element elementor-element-fcc56e1\" data-id=\"fcc56e1\" data-element_type=\"column\">\n\t\t\t<div class=\"elementor-widget-wrap elementor-element-populated\">\n\t\t\t\t\t\t<div class=\"elementor-element elementor-element-6f7060b elementor-widget elementor-widget-text-editor\" data-id=\"6f7060b\" data-element_type=\"widget\" data-widget_type=\"text-editor.default\">\n\t\t\t\t<div class=\"elementor-widget-container\">\n\t\t\t\t\t\t\t\t\t<h2>Coronav\u00edrus: Um pouco do que fizemos<\/h2>\n<p>A PACTO implementou todas as medidas poss\u00edveis e recomendadas pelos \u00f3rg\u00e3os de sa\u00fade para assegurar a seguran\u00e7a de nossos clientes e colaboradores.\u00a0<\/p>\n<p><a style=\"font-size: 14px; background-color: #ffffff;\" href=\"https:\/\/pactonet.com.br\/coronavirus-o-que-estamos-fazendo\/\">Clique aqui para saber mais.<\/a><\/p>\t\t\t\t\t\t\t\t<\/div>\n\t\t\t\t<\/div>\n\t\t\t\t\t<\/div>\n\t\t<\/div>\n\t\t\t\t\t<\/div>\n\t\t<\/section>\n\t\t\t\t<\/div>\n\t\t","protected":false},"excerpt":{"rendered":"<p>Preven\u00e7\u00e3o de Fraudes Digitais: Proteja-se Online No mundo digital de hoje, a seguran\u00e7a online nunca foi t\u00e3o importante. Com o aumento de atividades digitais, infelizmente, cresce tamb\u00e9m o n\u00famero de fraudes. Estamos sempre empenhados em garantir a seguran\u00e7a de nossos clientes e queremos compartilhar algumas dicas essenciais para prote\u00e7\u00e3o contra uma variedade de fraudes digitais. [&hellip;]<\/p>\n","protected":false},"author":7,"featured_media":0,"parent":0,"menu_order":0,"comment_status":"closed","ping_status":"closed","template":"page-model-ajuda.php","meta":{"ocean_post_layout":"","ocean_both_sidebars_style":"","ocean_both_sidebars_content_width":0,"ocean_both_sidebars_sidebars_width":0,"ocean_sidebar":"0","ocean_second_sidebar":"0","ocean_disable_margins":"enable","ocean_add_body_class":"","ocean_shortcode_before_top_bar":"","ocean_shortcode_after_top_bar":"","ocean_shortcode_before_header":"","ocean_shortcode_after_header":"","ocean_has_shortcode":"","ocean_shortcode_after_title":"","ocean_shortcode_before_footer_widgets":"","ocean_shortcode_after_footer_widgets":"","ocean_shortcode_before_footer_bottom":"","ocean_shortcode_after_footer_bottom":"","ocean_display_top_bar":"default","ocean_display_header":"default","ocean_header_style":"","ocean_center_header_left_menu":"0","ocean_custom_header_template":"0","ocean_custom_logo":0,"ocean_custom_retina_logo":0,"ocean_custom_logo_max_width":0,"ocean_custom_logo_tablet_max_width":0,"ocean_custom_logo_mobile_max_width":0,"ocean_custom_logo_max_height":0,"ocean_custom_logo_tablet_max_height":0,"ocean_custom_logo_mobile_max_height":0,"ocean_header_custom_menu":"0","ocean_menu_typo_font_family":"0","ocean_menu_typo_font_subset":"","ocean_menu_typo_font_size":0,"ocean_menu_typo_font_size_tablet":0,"ocean_menu_typo_font_size_mobile":0,"ocean_menu_typo_font_size_unit":"px","ocean_menu_typo_font_weight":"","ocean_menu_typo_font_weight_tablet":"","ocean_menu_typo_font_weight_mobile":"","ocean_menu_typo_transform":"","ocean_menu_typo_transform_tablet":"","ocean_menu_typo_transform_mobile":"","ocean_menu_typo_line_height":0,"ocean_menu_typo_line_height_tablet":0,"ocean_menu_typo_line_height_mobile":0,"ocean_menu_typo_line_height_unit":"","ocean_menu_typo_spacing":0,"ocean_menu_typo_spacing_tablet":0,"ocean_menu_typo_spacing_mobile":0,"ocean_menu_typo_spacing_unit":"","ocean_menu_link_color":"","ocean_menu_link_color_hover":"","ocean_menu_link_color_active":"","ocean_menu_link_background":"","ocean_menu_link_hover_background":"","ocean_menu_link_active_background":"","ocean_menu_social_links_bg":"","ocean_menu_social_hover_links_bg":"","ocean_menu_social_links_color":"","ocean_menu_social_hover_links_color":"","ocean_disable_title":"default","ocean_disable_heading":"default","ocean_post_title":"","ocean_post_subheading":"","ocean_post_title_style":"","ocean_post_title_background_color":"","ocean_post_title_background":0,"ocean_post_title_bg_image_position":"","ocean_post_title_bg_image_attachment":"","ocean_post_title_bg_image_repeat":"","ocean_post_title_bg_image_size":"","ocean_post_title_height":0,"ocean_post_title_bg_overlay":0.5,"ocean_post_title_bg_overlay_color":"","ocean_disable_breadcrumbs":"default","ocean_breadcrumbs_color":"","ocean_breadcrumbs_separator_color":"","ocean_breadcrumbs_links_color":"","ocean_breadcrumbs_links_hover_color":"","ocean_display_footer_widgets":"default","ocean_display_footer_bottom":"default","ocean_custom_footer_template":"0","footnotes":""},"class_list":["post-207","page","type-page","status-publish","hentry","entry"],"yoast_head":"<!-- This site is optimized with the Yoast SEO plugin v24.5 - https:\/\/yoast.com\/wordpress\/plugins\/seo\/ -->\r\n<title>Ajuda - PACTO Administradora de Condom\u00ednios<\/title>\r\n<meta name=\"robots\" content=\"index, follow, max-snippet:-1, max-image-preview:large, max-video-preview:-1\" \/>\r\n<link rel=\"canonical\" href=\"https:\/\/pactonet.com.br\/?page_id=207\" \/>\r\n<meta property=\"og:locale\" content=\"pt_BR\" \/>\r\n<meta property=\"og:type\" content=\"article\" \/>\r\n<meta property=\"og:title\" content=\"Ajuda - PACTO Administradora de Condom\u00ednios\" \/>\r\n<meta property=\"og:description\" content=\"Preven\u00e7\u00e3o de Fraudes Digitais: Proteja-se Online No mundo digital de hoje, a seguran\u00e7a online nunca foi t\u00e3o importante. Com o aumento de atividades digitais, infelizmente, cresce tamb\u00e9m o n\u00famero de fraudes. Estamos sempre empenhados em garantir a seguran\u00e7a de nossos clientes e queremos compartilhar algumas dicas essenciais para prote\u00e7\u00e3o contra uma variedade de fraudes digitais. [&hellip;]\" \/>\r\n<meta property=\"og:url\" content=\"https:\/\/pactonet.com.br\/?page_id=207\" \/>\r\n<meta property=\"og:site_name\" content=\"PACTO Administradora de Condom\u00ednios\" \/>\r\n<meta property=\"article:publisher\" content=\"https:\/\/www.facebook.com\/PactoAdministradora\" \/>\r\n<meta property=\"article:modified_time\" content=\"2024-11-26T13:41:54+00:00\" \/>\r\n<meta property=\"og:image\" content=\"https:\/\/pactonet.com.br\/pactoWP\/wp-content\/uploads\/2024\/04\/fraudes-no-boleto-240410.jpg\" \/>\r\n<meta name=\"twitter:card\" content=\"summary_large_image\" \/>\r\n<meta name=\"twitter:site\" content=\"@pactoadm\" \/>\r\n<meta name=\"twitter:label1\" content=\"Est. tempo de leitura\" \/>\n\t<meta name=\"twitter:data1\" content=\"3 minutos\" \/>\r\n<script type=\"application\/ld+json\" class=\"yoast-schema-graph\">{\"@context\":\"https:\/\/schema.org\",\"@graph\":[{\"@type\":\"WebPage\",\"@id\":\"https:\/\/pactonet.com.br\/?page_id=207\",\"url\":\"https:\/\/pactonet.com.br\/?page_id=207\",\"name\":\"Ajuda - PACTO Administradora de Condom\u00ednios\",\"isPartOf\":{\"@id\":\"https:\/\/pactonet.com.br\/#website\"},\"primaryImageOfPage\":{\"@id\":\"https:\/\/pactonet.com.br\/?page_id=207#primaryimage\"},\"image\":{\"@id\":\"https:\/\/pactonet.com.br\/?page_id=207#primaryimage\"},\"thumbnailUrl\":\"https:\/\/pactonet.com.br\/pactoWP\/wp-content\/uploads\/2024\/04\/fraudes-no-boleto-240410.jpg\",\"datePublished\":\"2018-10-18T19:48:09+00:00\",\"dateModified\":\"2024-11-26T13:41:54+00:00\",\"breadcrumb\":{\"@id\":\"https:\/\/pactonet.com.br\/?page_id=207#breadcrumb\"},\"inLanguage\":\"pt-BR\",\"potentialAction\":[{\"@type\":\"ReadAction\",\"target\":[\"https:\/\/pactonet.com.br\/?page_id=207\"]}]},{\"@type\":\"ImageObject\",\"inLanguage\":\"pt-BR\",\"@id\":\"https:\/\/pactonet.com.br\/?page_id=207#primaryimage\",\"url\":\"https:\/\/pactonet.com.br\/pactoWP\/wp-content\/uploads\/2024\/04\/fraudes-no-boleto-240410.jpg\",\"contentUrl\":\"https:\/\/pactonet.com.br\/pactoWP\/wp-content\/uploads\/2024\/04\/fraudes-no-boleto-240410.jpg\",\"width\":564,\"height\":200,\"caption\":\"Fraudes nos Boletos\"},{\"@type\":\"BreadcrumbList\",\"@id\":\"https:\/\/pactonet.com.br\/?page_id=207#breadcrumb\",\"itemListElement\":[{\"@type\":\"ListItem\",\"position\":1,\"name\":\"In\u00edcio\",\"item\":\"https:\/\/pactonet.com.br\/\"},{\"@type\":\"ListItem\",\"position\":2,\"name\":\"Ajuda\"}]},{\"@type\":\"WebSite\",\"@id\":\"https:\/\/pactonet.com.br\/#website\",\"url\":\"https:\/\/pactonet.com.br\/\",\"name\":\"PACTO Administradora de Condom\u00ednios\",\"description\":\"39 anos de experi\u00eancia em Administra\u00e7\u00e3o Condominial. Gest\u00e3o de Condom\u00ednios Eficiente, Inovadora e Transparente.\",\"publisher\":{\"@id\":\"https:\/\/pactonet.com.br\/#organization\"},\"alternateName\":\"pactonet.com.br\",\"potentialAction\":[{\"@type\":\"SearchAction\",\"target\":{\"@type\":\"EntryPoint\",\"urlTemplate\":\"https:\/\/pactonet.com.br\/?s={search_term_string}\"},\"query-input\":{\"@type\":\"PropertyValueSpecification\",\"valueRequired\":true,\"valueName\":\"search_term_string\"}}],\"inLanguage\":\"pt-BR\"},{\"@type\":\"Organization\",\"@id\":\"https:\/\/pactonet.com.br\/#organization\",\"name\":\"PACTO & Co\",\"url\":\"https:\/\/pactonet.com.br\/\",\"logo\":{\"@type\":\"ImageObject\",\"inLanguage\":\"pt-BR\",\"@id\":\"https:\/\/pactonet.com.br\/#\/schema\/logo\/image\/\",\"url\":\"https:\/\/pactonet.com.br\/pactoWP\/wp-content\/uploads\/2022\/06\/PACTO-grupo.png\",\"contentUrl\":\"https:\/\/pactonet.com.br\/pactoWP\/wp-content\/uploads\/2022\/06\/PACTO-grupo.png\",\"width\":850,\"height\":191,\"caption\":\"PACTO & Co\"},\"image\":{\"@id\":\"https:\/\/pactonet.com.br\/#\/schema\/logo\/image\/\"},\"sameAs\":[\"https:\/\/www.facebook.com\/PactoAdministradora\",\"https:\/\/x.com\/pactoadm\",\"https:\/\/www.instagram.com\/pactoadministradora\/\",\"https:\/\/www.linkedin.com\/company\/pacto-administradora\/\",\"https:\/\/www.youtube.com\/channel\/UCFz66Tf3nKExnbRt_NCK_hw\/\"]}]}<\/script>\r\n<!-- \/ Yoast SEO plugin. -->","yoast_head_json":{"title":"Ajuda - PACTO Administradora de Condom\u00ednios","robots":{"index":"index","follow":"follow","max-snippet":"max-snippet:-1","max-image-preview":"max-image-preview:large","max-video-preview":"max-video-preview:-1"},"canonical":"https:\/\/pactonet.com.br\/?page_id=207","og_locale":"pt_BR","og_type":"article","og_title":"Ajuda - PACTO Administradora de Condom\u00ednios","og_description":"Preven\u00e7\u00e3o de Fraudes Digitais: Proteja-se Online No mundo digital de hoje, a seguran\u00e7a online nunca foi t\u00e3o importante. Com o aumento de atividades digitais, infelizmente, cresce tamb\u00e9m o n\u00famero de fraudes. Estamos sempre empenhados em garantir a seguran\u00e7a de nossos clientes e queremos compartilhar algumas dicas essenciais para prote\u00e7\u00e3o contra uma variedade de fraudes digitais. [&hellip;]","og_url":"https:\/\/pactonet.com.br\/?page_id=207","og_site_name":"PACTO Administradora de Condom\u00ednios","article_publisher":"https:\/\/www.facebook.com\/PactoAdministradora","article_modified_time":"2024-11-26T13:41:54+00:00","og_image":[{"url":"https:\/\/pactonet.com.br\/pactoWP\/wp-content\/uploads\/2024\/04\/fraudes-no-boleto-240410.jpg","type":"","width":"","height":""}],"twitter_card":"summary_large_image","twitter_site":"@pactoadm","twitter_misc":{"Est. tempo de leitura":"3 minutos"},"schema":{"@context":"https:\/\/schema.org","@graph":[{"@type":"WebPage","@id":"https:\/\/pactonet.com.br\/?page_id=207","url":"https:\/\/pactonet.com.br\/?page_id=207","name":"Ajuda - PACTO Administradora de Condom\u00ednios","isPartOf":{"@id":"https:\/\/pactonet.com.br\/#website"},"primaryImageOfPage":{"@id":"https:\/\/pactonet.com.br\/?page_id=207#primaryimage"},"image":{"@id":"https:\/\/pactonet.com.br\/?page_id=207#primaryimage"},"thumbnailUrl":"https:\/\/pactonet.com.br\/pactoWP\/wp-content\/uploads\/2024\/04\/fraudes-no-boleto-240410.jpg","datePublished":"2018-10-18T19:48:09+00:00","dateModified":"2024-11-26T13:41:54+00:00","breadcrumb":{"@id":"https:\/\/pactonet.com.br\/?page_id=207#breadcrumb"},"inLanguage":"pt-BR","potentialAction":[{"@type":"ReadAction","target":["https:\/\/pactonet.com.br\/?page_id=207"]}]},{"@type":"ImageObject","inLanguage":"pt-BR","@id":"https:\/\/pactonet.com.br\/?page_id=207#primaryimage","url":"https:\/\/pactonet.com.br\/pactoWP\/wp-content\/uploads\/2024\/04\/fraudes-no-boleto-240410.jpg","contentUrl":"https:\/\/pactonet.com.br\/pactoWP\/wp-content\/uploads\/2024\/04\/fraudes-no-boleto-240410.jpg","width":564,"height":200,"caption":"Fraudes nos Boletos"},{"@type":"BreadcrumbList","@id":"https:\/\/pactonet.com.br\/?page_id=207#breadcrumb","itemListElement":[{"@type":"ListItem","position":1,"name":"In\u00edcio","item":"https:\/\/pactonet.com.br\/"},{"@type":"ListItem","position":2,"name":"Ajuda"}]},{"@type":"WebSite","@id":"https:\/\/pactonet.com.br\/#website","url":"https:\/\/pactonet.com.br\/","name":"PACTO Administradora de Condom\u00ednios","description":"39 anos de experi\u00eancia em Administra\u00e7\u00e3o Condominial. Gest\u00e3o de Condom\u00ednios Eficiente, Inovadora e Transparente.","publisher":{"@id":"https:\/\/pactonet.com.br\/#organization"},"alternateName":"pactonet.com.br","potentialAction":[{"@type":"SearchAction","target":{"@type":"EntryPoint","urlTemplate":"https:\/\/pactonet.com.br\/?s={search_term_string}"},"query-input":{"@type":"PropertyValueSpecification","valueRequired":true,"valueName":"search_term_string"}}],"inLanguage":"pt-BR"},{"@type":"Organization","@id":"https:\/\/pactonet.com.br\/#organization","name":"PACTO & Co","url":"https:\/\/pactonet.com.br\/","logo":{"@type":"ImageObject","inLanguage":"pt-BR","@id":"https:\/\/pactonet.com.br\/#\/schema\/logo\/image\/","url":"https:\/\/pactonet.com.br\/pactoWP\/wp-content\/uploads\/2022\/06\/PACTO-grupo.png","contentUrl":"https:\/\/pactonet.com.br\/pactoWP\/wp-content\/uploads\/2022\/06\/PACTO-grupo.png","width":850,"height":191,"caption":"PACTO & Co"},"image":{"@id":"https:\/\/pactonet.com.br\/#\/schema\/logo\/image\/"},"sameAs":["https:\/\/www.facebook.com\/PactoAdministradora","https:\/\/x.com\/pactoadm","https:\/\/www.instagram.com\/pactoadministradora\/","https:\/\/www.linkedin.com\/company\/pacto-administradora\/","https:\/\/www.youtube.com\/channel\/UCFz66Tf3nKExnbRt_NCK_hw\/"]}]}},"_links":{"self":[{"href":"https:\/\/pactonet.com.br\/index.php?rest_route=\/wp\/v2\/pages\/207","targetHints":{"allow":["GET"]}}],"collection":[{"href":"https:\/\/pactonet.com.br\/index.php?rest_route=\/wp\/v2\/pages"}],"about":[{"href":"https:\/\/pactonet.com.br\/index.php?rest_route=\/wp\/v2\/types\/page"}],"author":[{"embeddable":true,"href":"https:\/\/pactonet.com.br\/index.php?rest_route=\/wp\/v2\/users\/7"}],"replies":[{"embeddable":true,"href":"https:\/\/pactonet.com.br\/index.php?rest_route=%2Fwp%2Fv2%2Fcomments&post=207"}],"version-history":[{"count":47,"href":"https:\/\/pactonet.com.br\/index.php?rest_route=\/wp\/v2\/pages\/207\/revisions"}],"predecessor-version":[{"id":7593,"href":"https:\/\/pactonet.com.br\/index.php?rest_route=\/wp\/v2\/pages\/207\/revisions\/7593"}],"wp:attachment":[{"href":"https:\/\/pactonet.com.br\/index.php?rest_route=%2Fwp%2Fv2%2Fmedia&parent=207"}],"curies":[{"name":"wp","href":"https:\/\/api.w.org\/{rel}","templated":true}]}}