{"id":215,"date":"2018-10-18T17:25:13","date_gmt":"2018-10-18T20:25:13","guid":{"rendered":"https:\/\/pactonet.com.br\/pactoWP\/?page_id=215"},"modified":"2025-02-27T17:16:34","modified_gmt":"2025-02-27T20:16:34","slug":"modelos","status":"publish","type":"page","link":"https:\/\/pactonet.com.br\/?page_id=215","title":{"rendered":"Modelos"},"content":{"rendered":"\n<h2 class=\"wp-block-heading\"><strong>Aqui disponibilizamos alguns arquivos que certamente facilitar\u00e3o o trabalho de s\u00edndicos e cond\u00f4minos<\/strong><\/h2>\n\n\n<div class=\"qwp-models-item\"><div class=\"row\"><div class=\"col-xs-6\"><h4>Modelo de procura\u00e7\u00e3o para representantes em assembleia de condom\u00ednios<\/h4><\/div><div class=\"col-xs-6\"><div class=\"qwp-models-files\"><a target=\"_blank\" href=\"https:\/\/pactonet.com.br\/pactoWP\/wp-content\/uploads\/2021\/12\/PACTO-modelo-procuracao.doc\" class=\"qwp-models-files__btn qwp-models-files__btn-doc\">DOC<\/a><\/div><\/div><\/div><\/div><div class=\"qwp-models-item\"><div class=\"row\"><div class=\"col-xs-6\"><h4>Manual de Obriga\u00e7\u00f5es Fiscais<\/h4><\/div><div class=\"col-xs-6\"><div class=\"qwp-models-files\"><a target=\"_blank\" href=\"https:\/\/pactonet.com.br\/pactoWP\/wp-content\/uploads\/2020\/12\/manual_da_pacto_de_obrigacoes_fiscais_de_condominios.pdf\" class=\"qwp-models-files__btn qwp-models-files__btn-pdf\">PDF<\/a><\/div><\/div><\/div><\/div><div class=\"qwp-models-item\"><div class=\"row\"><div class=\"col-xs-6\"><h4>Reserva do Sal\u00e3o de Festas<\/h4><\/div><div class=\"col-xs-6\"><div class=\"qwp-models-files\"><a target=\"_blank\" href=\"https:\/\/pactonet.com.br\/pactoWP\/wp-content\/uploads\/2018\/10\/ReservaSalaodeFestas.doc\" class=\"qwp-models-files__btn qwp-models-files__btn-doc\">DOC<\/a><\/div><\/div><\/div><\/div><div class=\"qwp-models-item\"><div class=\"row\"><div class=\"col-xs-6\"><h4>Regimento Interno<\/h4><\/div><div class=\"col-xs-6\"><div class=\"qwp-models-files\"><a target=\"_blank\" href=\"https:\/\/pactonet.com.br\/pactoWP\/wp-content\/uploads\/2018\/10\/RegimentoInterno.doc\" class=\"qwp-models-files__btn qwp-models-files__btn-doc\">DOC<\/a><\/div><\/div><\/div><\/div><div class=\"qwp-models-item\"><div class=\"row\"><div class=\"col-xs-6\"><h4>Recurso contra a Imposi\u00e7\u00e3o de Multa<\/h4><\/div><div class=\"col-xs-6\"><div class=\"qwp-models-files\"><a target=\"_blank\" href=\"https:\/\/pactonet.com.br\/pactoWP\/wp-content\/uploads\/2018\/10\/ImposicaoMultaRecurso.doc\" class=\"qwp-models-files__btn qwp-models-files__btn-doc\">DOC<\/a><\/div><\/div><\/div><\/div><div class=\"qwp-models-item\"><div class=\"row\"><div class=\"col-xs-6\"><h4>Imposi\u00e7\u00e3o de Multa<\/h4><\/div><div class=\"col-xs-6\"><div class=\"qwp-models-files\"><a target=\"_blank\" href=\"https:\/\/pactonet.com.br\/pactoWP\/wp-content\/uploads\/2018\/10\/ImposicaoMulta.doc\" class=\"qwp-models-files__btn qwp-models-files__btn-doc\">DOC<\/a><\/div><\/div><\/div><\/div><div class=\"qwp-models-item\"><div class=\"row\"><div class=\"col-xs-6\"><h4>Edital de Convoca\u00e7\u00e3o de Assembl\u00e9ia pelo S\u00edndico<\/h4><\/div><div class=\"col-xs-6\"><div class=\"qwp-models-files\"><a target=\"_blank\" href=\"https:\/\/pactonet.com.br\/pactoWP\/wp-content\/uploads\/2018\/10\/EditalAssembleiaSindico.doc\" class=\"qwp-models-files__btn qwp-models-files__btn-doc\">DOC<\/a><\/div><\/div><\/div><\/div><div class=\"qwp-models-item\"><div class=\"row\"><div class=\"col-xs-6\"><h4>Edital de Convoca\u00e7\u00e3o para Assembl\u00e9ia pelo Cond\u00f4minos<\/h4><\/div><div class=\"col-xs-6\"><div class=\"qwp-models-files\"><a target=\"_blank\" href=\"https:\/\/pactonet.com.br\/pactoWP\/wp-content\/uploads\/2018\/10\/EditalAssembleiaCondomino.doc\" class=\"qwp-models-files__btn qwp-models-files__btn-doc\">DOC<\/a><\/div><\/div><\/div><\/div><div class=\"qwp-models-item\"><div class=\"row\"><div class=\"col-xs-6\"><h4>Ata de Assembleia Geral (Condom\u00ednio)<\/h4><\/div><div class=\"col-xs-6\"><div class=\"qwp-models-files\"><a target=\"_blank\" href=\"https:\/\/pactonet.com.br\/pactoWP\/wp-content\/uploads\/2018\/10\/MODELO-DE-ATA-PARA-ASSEMBLEIA-PRESENCIAL.doc\" class=\"qwp-models-files__btn qwp-models-files__btn-doc\">DOC<\/a><\/div><\/div><\/div><\/div>\n\n\n\n<p><\/p>\n","protected":false},"excerpt":{"rendered":"<p>Aqui disponibilizamos alguns arquivos que certamente facilitar\u00e3o o trabalho de s\u00edndicos e cond\u00f4minos<\/p>\n","protected":false},"author":7,"featured_media":0,"parent":207,"menu_order":0,"comment_status":"closed","ping_status":"closed","template":"page-model-ajuda.php","meta":{"ocean_post_layout":"","ocean_both_sidebars_style":"","ocean_both_sidebars_content_width":0,"ocean_both_sidebars_sidebars_width":0,"ocean_sidebar":"0","ocean_second_sidebar":"0","ocean_disable_margins":"enable","ocean_add_body_class":"","ocean_shortcode_before_top_bar":"","ocean_shortcode_after_top_bar":"","ocean_shortcode_before_header":"","ocean_shortcode_after_header":"","ocean_has_shortcode":"","ocean_shortcode_after_title":"","ocean_shortcode_before_footer_widgets":"","ocean_shortcode_after_footer_widgets":"","ocean_shortcode_before_footer_bottom":"","ocean_shortcode_after_footer_bottom":"","ocean_display_top_bar":"default","ocean_display_header":"default","ocean_header_style":"","ocean_center_header_left_menu":"0","ocean_custom_header_template":"0","ocean_custom_logo":0,"ocean_custom_retina_logo":0,"ocean_custom_logo_max_width":0,"ocean_custom_logo_tablet_max_width":0,"ocean_custom_logo_mobile_max_width":0,"ocean_custom_logo_max_height":0,"ocean_custom_logo_tablet_max_height":0,"ocean_custom_logo_mobile_max_height":0,"ocean_header_custom_menu":"0","ocean_menu_typo_font_family":"0","ocean_menu_typo_font_subset":"","ocean_menu_typo_font_size":0,"ocean_menu_typo_font_size_tablet":0,"ocean_menu_typo_font_size_mobile":0,"ocean_menu_typo_font_size_unit":"px","ocean_menu_typo_font_weight":"","ocean_menu_typo_font_weight_tablet":"","ocean_menu_typo_font_weight_mobile":"","ocean_menu_typo_transform":"","ocean_menu_typo_transform_tablet":"","ocean_menu_typo_transform_mobile":"","ocean_menu_typo_line_height":0,"ocean_menu_typo_line_height_tablet":0,"ocean_menu_typo_line_height_mobile":0,"ocean_menu_typo_line_height_unit":"","ocean_menu_typo_spacing":0,"ocean_menu_typo_spacing_tablet":0,"ocean_menu_typo_spacing_mobile":0,"ocean_menu_typo_spacing_unit":"","ocean_menu_link_color":"","ocean_menu_link_color_hover":"","ocean_menu_link_color_active":"","ocean_menu_link_background":"","ocean_menu_link_hover_background":"","ocean_menu_link_active_background":"","ocean_menu_social_links_bg":"","ocean_menu_social_hover_links_bg":"","ocean_menu_social_links_color":"","ocean_menu_social_hover_links_color":"","ocean_disable_title":"default","ocean_disable_heading":"default","ocean_post_title":"","ocean_post_subheading":"","ocean_post_title_style":"","ocean_post_title_background_color":"","ocean_post_title_background":0,"ocean_post_title_bg_image_position":"","ocean_post_title_bg_image_attachment":"","ocean_post_title_bg_image_repeat":"","ocean_post_title_bg_image_size":"","ocean_post_title_height":0,"ocean_post_title_bg_overlay":0.5,"ocean_post_title_bg_overlay_color":"","ocean_disable_breadcrumbs":"default","ocean_breadcrumbs_color":"","ocean_breadcrumbs_separator_color":"","ocean_breadcrumbs_links_color":"","ocean_breadcrumbs_links_hover_color":"","ocean_display_footer_widgets":"default","ocean_display_footer_bottom":"default","ocean_custom_footer_template":"0","footnotes":""},"class_list":["post-215","page","type-page","status-publish","hentry","entry"],"yoast_head":"<!-- This site is optimized with the Yoast SEO plugin v24.5 - https:\/\/yoast.com\/wordpress\/plugins\/seo\/ -->\r\n<title>Modelos - PACTO Administradora de Condom\u00ednios<\/title>\r\n<meta name=\"robots\" content=\"index, follow, max-snippet:-1, max-image-preview:large, max-video-preview:-1\" \/>\r\n<link rel=\"canonical\" href=\"https:\/\/pactonet.com.br\/?page_id=215\" \/>\r\n<meta property=\"og:locale\" content=\"pt_BR\" \/>\r\n<meta property=\"og:type\" content=\"article\" \/>\r\n<meta property=\"og:title\" content=\"Modelos - PACTO Administradora de Condom\u00ednios\" \/>\r\n<meta property=\"og:description\" content=\"Aqui disponibilizamos alguns arquivos que certamente facilitar\u00e3o o trabalho de s\u00edndicos e cond\u00f4minos\" \/>\r\n<meta property=\"og:url\" content=\"https:\/\/pactonet.com.br\/?page_id=215\" \/>\r\n<meta property=\"og:site_name\" content=\"PACTO Administradora de Condom\u00ednios\" \/>\r\n<meta property=\"article:publisher\" content=\"https:\/\/www.facebook.com\/PactoAdministradora\" \/>\r\n<meta property=\"article:modified_time\" content=\"2025-02-27T20:16:34+00:00\" \/>\r\n<meta property=\"og:image\" content=\"https:\/\/pactonet.com.br\/pactoWP\/wp-content\/uploads\/2022\/06\/pacto-simbolos-A4-adesivos.png\" \/>\r\n\t<meta property=\"og:image:width\" content=\"5512\" \/>\r\n\t<meta property=\"og:image:height\" content=\"5512\" \/>\r\n\t<meta property=\"og:image:type\" content=\"image\/png\" \/>\r\n<meta name=\"twitter:card\" content=\"summary_large_image\" \/>\r\n<meta name=\"twitter:site\" content=\"@pactoadm\" \/>\r\n<script type=\"application\/ld+json\" class=\"yoast-schema-graph\">{\"@context\":\"https:\/\/schema.org\",\"@graph\":[{\"@type\":\"WebPage\",\"@id\":\"https:\/\/pactonet.com.br\/?page_id=215\",\"url\":\"https:\/\/pactonet.com.br\/?page_id=215\",\"name\":\"Modelos - PACTO Administradora de Condom\u00ednios\",\"isPartOf\":{\"@id\":\"https:\/\/pactonet.com.br\/#website\"},\"datePublished\":\"2018-10-18T20:25:13+00:00\",\"dateModified\":\"2025-02-27T20:16:34+00:00\",\"breadcrumb\":{\"@id\":\"https:\/\/pactonet.com.br\/?page_id=215#breadcrumb\"},\"inLanguage\":\"pt-BR\",\"potentialAction\":[{\"@type\":\"ReadAction\",\"target\":[\"https:\/\/pactonet.com.br\/?page_id=215\"]}]},{\"@type\":\"BreadcrumbList\",\"@id\":\"https:\/\/pactonet.com.br\/?page_id=215#breadcrumb\",\"itemListElement\":[{\"@type\":\"ListItem\",\"position\":1,\"name\":\"In\u00edcio\",\"item\":\"https:\/\/pactonet.com.br\/\"},{\"@type\":\"ListItem\",\"position\":2,\"name\":\"Ajuda\",\"item\":\"https:\/\/pactonet.com.br\/?page_id=207\"},{\"@type\":\"ListItem\",\"position\":3,\"name\":\"Modelos\"}]},{\"@type\":\"WebSite\",\"@id\":\"https:\/\/pactonet.com.br\/#website\",\"url\":\"https:\/\/pactonet.com.br\/\",\"name\":\"PACTO Administradora de Condom\u00ednios\",\"description\":\"39 anos de experi\u00eancia em Administra\u00e7\u00e3o Condominial. Gest\u00e3o de Condom\u00ednios Eficiente, Inovadora e Transparente.\",\"publisher\":{\"@id\":\"https:\/\/pactonet.com.br\/#organization\"},\"alternateName\":\"pactonet.com.br\",\"potentialAction\":[{\"@type\":\"SearchAction\",\"target\":{\"@type\":\"EntryPoint\",\"urlTemplate\":\"https:\/\/pactonet.com.br\/?s={search_term_string}\"},\"query-input\":{\"@type\":\"PropertyValueSpecification\",\"valueRequired\":true,\"valueName\":\"search_term_string\"}}],\"inLanguage\":\"pt-BR\"},{\"@type\":\"Organization\",\"@id\":\"https:\/\/pactonet.com.br\/#organization\",\"name\":\"PACTO & Co\",\"url\":\"https:\/\/pactonet.com.br\/\",\"logo\":{\"@type\":\"ImageObject\",\"inLanguage\":\"pt-BR\",\"@id\":\"https:\/\/pactonet.com.br\/#\/schema\/logo\/image\/\",\"url\":\"https:\/\/pactonet.com.br\/pactoWP\/wp-content\/uploads\/2022\/06\/PACTO-grupo.png\",\"contentUrl\":\"https:\/\/pactonet.com.br\/pactoWP\/wp-content\/uploads\/2022\/06\/PACTO-grupo.png\",\"width\":850,\"height\":191,\"caption\":\"PACTO & Co\"},\"image\":{\"@id\":\"https:\/\/pactonet.com.br\/#\/schema\/logo\/image\/\"},\"sameAs\":[\"https:\/\/www.facebook.com\/PactoAdministradora\",\"https:\/\/x.com\/pactoadm\",\"https:\/\/www.instagram.com\/pactoadministradora\/\",\"https:\/\/www.linkedin.com\/company\/pacto-administradora\/\",\"https:\/\/www.youtube.com\/channel\/UCFz66Tf3nKExnbRt_NCK_hw\/\"]}]}<\/script>\r\n<!-- \/ Yoast SEO plugin. -->","yoast_head_json":{"title":"Modelos - PACTO Administradora de Condom\u00ednios","robots":{"index":"index","follow":"follow","max-snippet":"max-snippet:-1","max-image-preview":"max-image-preview:large","max-video-preview":"max-video-preview:-1"},"canonical":"https:\/\/pactonet.com.br\/?page_id=215","og_locale":"pt_BR","og_type":"article","og_title":"Modelos - PACTO Administradora de Condom\u00ednios","og_description":"Aqui disponibilizamos alguns arquivos que certamente facilitar\u00e3o o trabalho de s\u00edndicos e cond\u00f4minos","og_url":"https:\/\/pactonet.com.br\/?page_id=215","og_site_name":"PACTO Administradora de Condom\u00ednios","article_publisher":"https:\/\/www.facebook.com\/PactoAdministradora","article_modified_time":"2025-02-27T20:16:34+00:00","og_image":[{"width":5512,"height":5512,"url":"https:\/\/pactonet.com.br\/pactoWP\/wp-content\/uploads\/2022\/06\/pacto-simbolos-A4-adesivos.png","type":"image\/png"}],"twitter_card":"summary_large_image","twitter_site":"@pactoadm","schema":{"@context":"https:\/\/schema.org","@graph":[{"@type":"WebPage","@id":"https:\/\/pactonet.com.br\/?page_id=215","url":"https:\/\/pactonet.com.br\/?page_id=215","name":"Modelos - PACTO Administradora de Condom\u00ednios","isPartOf":{"@id":"https:\/\/pactonet.com.br\/#website"},"datePublished":"2018-10-18T20:25:13+00:00","dateModified":"2025-02-27T20:16:34+00:00","breadcrumb":{"@id":"https:\/\/pactonet.com.br\/?page_id=215#breadcrumb"},"inLanguage":"pt-BR","potentialAction":[{"@type":"ReadAction","target":["https:\/\/pactonet.com.br\/?page_id=215"]}]},{"@type":"BreadcrumbList","@id":"https:\/\/pactonet.com.br\/?page_id=215#breadcrumb","itemListElement":[{"@type":"ListItem","position":1,"name":"In\u00edcio","item":"https:\/\/pactonet.com.br\/"},{"@type":"ListItem","position":2,"name":"Ajuda","item":"https:\/\/pactonet.com.br\/?page_id=207"},{"@type":"ListItem","position":3,"name":"Modelos"}]},{"@type":"WebSite","@id":"https:\/\/pactonet.com.br\/#website","url":"https:\/\/pactonet.com.br\/","name":"PACTO Administradora de Condom\u00ednios","description":"39 anos de experi\u00eancia em Administra\u00e7\u00e3o Condominial. Gest\u00e3o de Condom\u00ednios Eficiente, Inovadora e Transparente.","publisher":{"@id":"https:\/\/pactonet.com.br\/#organization"},"alternateName":"pactonet.com.br","potentialAction":[{"@type":"SearchAction","target":{"@type":"EntryPoint","urlTemplate":"https:\/\/pactonet.com.br\/?s={search_term_string}"},"query-input":{"@type":"PropertyValueSpecification","valueRequired":true,"valueName":"search_term_string"}}],"inLanguage":"pt-BR"},{"@type":"Organization","@id":"https:\/\/pactonet.com.br\/#organization","name":"PACTO & Co","url":"https:\/\/pactonet.com.br\/","logo":{"@type":"ImageObject","inLanguage":"pt-BR","@id":"https:\/\/pactonet.com.br\/#\/schema\/logo\/image\/","url":"https:\/\/pactonet.com.br\/pactoWP\/wp-content\/uploads\/2022\/06\/PACTO-grupo.png","contentUrl":"https:\/\/pactonet.com.br\/pactoWP\/wp-content\/uploads\/2022\/06\/PACTO-grupo.png","width":850,"height":191,"caption":"PACTO & Co"},"image":{"@id":"https:\/\/pactonet.com.br\/#\/schema\/logo\/image\/"},"sameAs":["https:\/\/www.facebook.com\/PactoAdministradora","https:\/\/x.com\/pactoadm","https:\/\/www.instagram.com\/pactoadministradora\/","https:\/\/www.linkedin.com\/company\/pacto-administradora\/","https:\/\/www.youtube.com\/channel\/UCFz66Tf3nKExnbRt_NCK_hw\/"]}]}},"_links":{"self":[{"href":"https:\/\/pactonet.com.br\/index.php?rest_route=\/wp\/v2\/pages\/215","targetHints":{"allow":["GET"]}}],"collection":[{"href":"https:\/\/pactonet.com.br\/index.php?rest_route=\/wp\/v2\/pages"}],"about":[{"href":"https:\/\/pactonet.com.br\/index.php?rest_route=\/wp\/v2\/types\/page"}],"author":[{"embeddable":true,"href":"https:\/\/pactonet.com.br\/index.php?rest_route=\/wp\/v2\/users\/7"}],"replies":[{"embeddable":true,"href":"https:\/\/pactonet.com.br\/index.php?rest_route=%2Fwp%2Fv2%2Fcomments&post=215"}],"version-history":[{"count":8,"href":"https:\/\/pactonet.com.br\/index.php?rest_route=\/wp\/v2\/pages\/215\/revisions"}],"predecessor-version":[{"id":9459,"href":"https:\/\/pactonet.com.br\/index.php?rest_route=\/wp\/v2\/pages\/215\/revisions\/9459"}],"up":[{"embeddable":true,"href":"https:\/\/pactonet.com.br\/index.php?rest_route=\/wp\/v2\/pages\/207"}],"wp:attachment":[{"href":"https:\/\/pactonet.com.br\/index.php?rest_route=%2Fwp%2Fv2%2Fmedia&parent=215"}],"curies":[{"name":"wp","href":"https:\/\/api.w.org\/{rel}","templated":true}]}}