{"id":217,"date":"2018-10-18T17:25:35","date_gmt":"2018-10-18T20:25:35","guid":{"rendered":"https:\/\/pactonet.com.br\/pactoWP\/?page_id=217"},"modified":"2024-11-26T10:19:40","modified_gmt":"2024-11-26T13:19:40","slug":"manuais","status":"publish","type":"page","link":"https:\/\/pactonet.com.br\/?page_id=217","title":{"rendered":"Manuais"},"content":{"rendered":"\t\t<div data-elementor-type=\"wp-post\" data-elementor-id=\"217\" class=\"elementor elementor-217\" data-elementor-post-type=\"page\">\n\t\t\t\t\t\t<section class=\"elementor-section elementor-top-section elementor-element elementor-element-68c08510 elementor-section-boxed elementor-section-height-default elementor-section-height-default\" data-id=\"68c08510\" data-element_type=\"section\">\n\t\t\t\t\t\t<div class=\"elementor-container elementor-column-gap-default\">\n\t\t\t\t\t<div class=\"elementor-column elementor-col-100 elementor-top-column elementor-element elementor-element-1cee475b\" data-id=\"1cee475b\" data-element_type=\"column\">\n\t\t\t<div class=\"elementor-widget-wrap elementor-element-populated\">\n\t\t\t\t\t\t<div class=\"elementor-element elementor-element-13f32ece elementor-widget elementor-widget-text-editor\" data-id=\"13f32ece\" data-element_type=\"widget\" data-widget_type=\"text-editor.default\">\n\t\t\t\t<div class=\"elementor-widget-container\">\n\t\t\t\t\t\t\t\t\t<p><\/p>\n<h2 class=\"wp-block-heading\">Reserva de Espa\u00e7os<\/h2>\n<p><\/p>\n<p><\/p>\n<p>Passo a passo para o S\u00edndico cadastrar as \u00e1reas comuns do condom\u00ednio no site da PACTO Administradora. Tamb\u00e9m ensinamos como aprovar e como os cond\u00f4minos podem usar o sistema de reservas.&nbsp;<\/p>\n<p><\/p>\n<p><\/p>\n<p><strong>Veja como \u00e9 f\u00e1cil configurar e usar essa funcionalidade? Leia o&nbsp;<a href=\"https:\/\/pactonet.com.br\/reserva-de-espacos-manual\/\" target=\"_blank\" rel=\"noreferrer noopener\" aria-label=\"Quer saber mais sobre ser S\u00edndico? Leia nosso manual do S\u00edndico. (opens in a new tab)\">manual de reservas<\/a>.<\/strong><\/p>\n<p><\/p>\n<p><\/p>\n<hr>\n<p><\/p>\n<p><\/p>\n<h2 class=\"wp-block-heading\">Aplicativo PACTO: Para S\u00edndicos e Cond\u00f4minos<\/h2>\n<p><\/p>\n<p><\/p>\n<p>Come\u00e7e a usar agora mesmo o novo aplicatico PACTO. Tudo para a gest\u00e3o condominial e para a comunica\u00e7\u00e3o entre s\u00edndicos e cond\u00f4minos. Conhe\u00e7a todos os benef\u00edcios, aprenda como instalar e nos ajude a criar um aplicativo cada vez melhor por meio da sua avalia\u00e7\u00e3o.&nbsp;&nbsp;<\/p>\n<p><\/p>\n<p><\/p>\n<p><strong>Um manual simples e pr\u00e1tico. Leia o&nbsp;<a href=\"https:\/\/pactonet.com.br\/ajuda\/manuais\/manual-do-aplicativo-pacto\/\" target=\"_blank\" rel=\"noreferrer noopener\" aria-label=\"Quer saber mais sobre ser S\u00edndico? Leia nosso manual do S\u00edndico. (opens in a new tab)\">manual do app PACTO.<\/a><\/strong><\/p>\n<p><\/p>\n<p><\/p>\n<hr>\n<p><\/p>\n<p><\/p>\n<h2 class=\"wp-block-heading\">S\u00edndico<\/h2>\n<p><\/p>\n<p><\/p>\n<p>O s\u00edndico (morador ou n\u00e3o) \u00e9 a pessoa f\u00edsica ou jur\u00eddica que administra os interesses e neg\u00f3cios do condom\u00ednio. A escolha do s\u00edndico \u00e9 feita por meio de vota\u00e7\u00e3o na forma estabelecida pela Conven\u00e7\u00e3o, n\u00e3o podendo o mandato ser superior a dois anos, permitida a reelei\u00e7\u00e3o.<\/p>\n<p><\/p>\n<p><\/p>\n<p><strong>Quer saber mais sobre ser S\u00edndico? Leia nosso <\/strong><a href=\"https:\/\/pactonet.com.br\/sou-sindico\/\" target=\"_blank\" rel=\"noreferrer noopener\" aria-label=\"Quer saber mais sobre ser S\u00edndico? Leia nosso manual do S\u00edndico. (opens in a new tab)\"><strong>manual do S\u00edndico<\/strong><\/a><strong>.<\/strong><\/p>\n<p><\/p>\n<p><\/p>\n<hr>\n<p><\/p>\n<p><\/p>\n<h2 class=\"wp-block-heading\">Cond\u00f4mino<\/h2>\n<p><\/p>\n<p><\/p>\n<p>Cada cond\u00f4mino tem o direito de usar e fruir, com exclusividade, de sua unidade aut\u00f4noma, observando, no entanto, as normas de boa vizinhan\u00e7a.<\/p>\n<p><\/p>\n<p><\/p>\n<p><strong>Quer saber mais sobre ser Cond\u00f4mino? Leia nosso <\/strong><a href=\"https:\/\/pactonet.com.br\/sou-condomino\/\" target=\"_blank\" rel=\"noreferrer noopener\" aria-label=\"Quer saber mais sobre ser Cond\u00f4mino? Leia nosso manual do Cond\u00f4mino. (opens in a new tab)\"><strong>manual do Cond\u00f4mino<\/strong><\/a><strong>.<\/strong><\/p>\n<p style=\"font-variant-ligatures: normal; font-variant-caps: normal; font-family: Poppins, sans-serif; font-size: 14px; font-style: normal; font-weight: 400;\">\n<\/p><p style=\"font-variant-ligatures: normal; font-variant-caps: normal; font-family: Poppins, sans-serif; font-size: 14px; font-style: normal; font-weight: 400;\">\n<\/p><hr style=\"background-color: rgb(255, 255, 255);\">\n<p style=\"font-variant-ligatures: normal; font-variant-caps: normal; font-family: Poppins, sans-serif; font-size: 14px; font-style: normal; font-weight: 400;\">\n<\/p><p style=\"font-variant-ligatures: normal; font-variant-caps: normal; font-family: Poppins, sans-serif; font-size: 14px; font-style: normal; font-weight: 400;\">\n<\/p><h2 style=\"font-variant-ligatures: normal; font-variant-caps: normal; font-style: normal;\">Dom\u00ednios Confi\u00e1veis PACTO<\/h2>\n<p>Garanta que nossos e-mails cheguem diretamente \u00e0 sua caixa de entrada. Aprenda como adicionar nossos dom\u00ednios como remetentes confi\u00e1veis em diferentes provedores de e-mail, como Hotmail, Gmail, Yahoo, e muitos outros.<\/p>\n<p><b>Um guia simples e pr\u00e1tico! Aprenda como cadastrar os&nbsp;<a href=\"https:\/\/pactonet.com.br\/ajuda\/manuais\/dominios-confiaveis\/\" target=\"_blank\" style=\"\">dom\u00ednios PACTO aqui.<\/a><\/b><\/p>\n<p><\/p>\t\t\t\t\t\t\t\t<\/div>\n\t\t\t\t<\/div>\n\t\t\t\t\t<\/div>\n\t\t<\/div>\n\t\t\t\t\t<\/div>\n\t\t<\/section>\n\t\t\t\t<\/div>\n\t\t","protected":false},"excerpt":{"rendered":"<p>Reserva de Espa\u00e7os Passo a passo para o S\u00edndico cadastrar as \u00e1reas comuns do condom\u00ednio no site da PACTO Administradora. Tamb\u00e9m ensinamos como aprovar e como os cond\u00f4minos podem usar o sistema de reservas.&nbsp; Veja como \u00e9 f\u00e1cil configurar e usar essa funcionalidade? Leia o&nbsp;manual de reservas. Aplicativo PACTO: Para S\u00edndicos e Cond\u00f4minos Come\u00e7e a [&hellip;]<\/p>\n","protected":false},"author":7,"featured_media":0,"parent":207,"menu_order":0,"comment_status":"closed","ping_status":"closed","template":"page-model-ajuda.php","meta":{"ocean_post_layout":"","ocean_both_sidebars_style":"","ocean_both_sidebars_content_width":0,"ocean_both_sidebars_sidebars_width":0,"ocean_sidebar":"0","ocean_second_sidebar":"0","ocean_disable_margins":"enable","ocean_add_body_class":"","ocean_shortcode_before_top_bar":"","ocean_shortcode_after_top_bar":"","ocean_shortcode_before_header":"","ocean_shortcode_after_header":"","ocean_has_shortcode":"","ocean_shortcode_after_title":"","ocean_shortcode_before_footer_widgets":"","ocean_shortcode_after_footer_widgets":"","ocean_shortcode_before_footer_bottom":"","ocean_shortcode_after_footer_bottom":"","ocean_display_top_bar":"default","ocean_display_header":"default","ocean_header_style":"","ocean_center_header_left_menu":"0","ocean_custom_header_template":"0","ocean_custom_logo":0,"ocean_custom_retina_logo":0,"ocean_custom_logo_max_width":0,"ocean_custom_logo_tablet_max_width":0,"ocean_custom_logo_mobile_max_width":0,"ocean_custom_logo_max_height":0,"ocean_custom_logo_tablet_max_height":0,"ocean_custom_logo_mobile_max_height":0,"ocean_header_custom_menu":"0","ocean_menu_typo_font_family":"0","ocean_menu_typo_font_subset":"","ocean_menu_typo_font_size":0,"ocean_menu_typo_font_size_tablet":0,"ocean_menu_typo_font_size_mobile":0,"ocean_menu_typo_font_size_unit":"px","ocean_menu_typo_font_weight":"","ocean_menu_typo_font_weight_tablet":"","ocean_menu_typo_font_weight_mobile":"","ocean_menu_typo_transform":"","ocean_menu_typo_transform_tablet":"","ocean_menu_typo_transform_mobile":"","ocean_menu_typo_line_height":0,"ocean_menu_typo_line_height_tablet":0,"ocean_menu_typo_line_height_mobile":0,"ocean_menu_typo_line_height_unit":"","ocean_menu_typo_spacing":0,"ocean_menu_typo_spacing_tablet":0,"ocean_menu_typo_spacing_mobile":0,"ocean_menu_typo_spacing_unit":"","ocean_menu_link_color":"","ocean_menu_link_color_hover":"","ocean_menu_link_color_active":"","ocean_menu_link_background":"","ocean_menu_link_hover_background":"","ocean_menu_link_active_background":"","ocean_menu_social_links_bg":"","ocean_menu_social_hover_links_bg":"","ocean_menu_social_links_color":"","ocean_menu_social_hover_links_color":"","ocean_disable_title":"default","ocean_disable_heading":"default","ocean_post_title":"","ocean_post_subheading":"","ocean_post_title_style":"","ocean_post_title_background_color":"","ocean_post_title_background":0,"ocean_post_title_bg_image_position":"","ocean_post_title_bg_image_attachment":"","ocean_post_title_bg_image_repeat":"","ocean_post_title_bg_image_size":"","ocean_post_title_height":0,"ocean_post_title_bg_overlay":0.5,"ocean_post_title_bg_overlay_color":"","ocean_disable_breadcrumbs":"default","ocean_breadcrumbs_color":"","ocean_breadcrumbs_separator_color":"","ocean_breadcrumbs_links_color":"","ocean_breadcrumbs_links_hover_color":"","ocean_display_footer_widgets":"default","ocean_display_footer_bottom":"default","ocean_custom_footer_template":"0","footnotes":""},"class_list":["post-217","page","type-page","status-publish","hentry","entry"],"yoast_head":"<!-- This site is optimized with the Yoast SEO plugin v24.5 - https:\/\/yoast.com\/wordpress\/plugins\/seo\/ -->\r\n<title>Manuais - PACTO Administradora de Condom\u00ednios<\/title>\r\n<meta name=\"robots\" content=\"index, follow, max-snippet:-1, max-image-preview:large, max-video-preview:-1\" \/>\r\n<link rel=\"canonical\" href=\"https:\/\/pactonet.com.br\/?page_id=217\" \/>\r\n<meta property=\"og:locale\" content=\"pt_BR\" \/>\r\n<meta property=\"og:type\" content=\"article\" \/>\r\n<meta property=\"og:title\" content=\"Manuais - PACTO Administradora de Condom\u00ednios\" \/>\r\n<meta property=\"og:description\" content=\"Reserva de Espa\u00e7os Passo a passo para o S\u00edndico cadastrar as \u00e1reas comuns do condom\u00ednio no site da PACTO Administradora. Tamb\u00e9m ensinamos como aprovar e como os cond\u00f4minos podem usar o sistema de reservas.&nbsp; Veja como \u00e9 f\u00e1cil configurar e usar essa funcionalidade? Leia o&nbsp;manual de reservas. Aplicativo PACTO: Para S\u00edndicos e Cond\u00f4minos Come\u00e7e a [&hellip;]\" \/>\r\n<meta property=\"og:url\" content=\"https:\/\/pactonet.com.br\/?page_id=217\" \/>\r\n<meta property=\"og:site_name\" content=\"PACTO Administradora de Condom\u00ednios\" \/>\r\n<meta property=\"article:publisher\" content=\"https:\/\/www.facebook.com\/PactoAdministradora\" \/>\r\n<meta property=\"article:modified_time\" content=\"2024-11-26T13:19:40+00:00\" \/>\r\n<meta property=\"og:image\" content=\"https:\/\/pactonet.com.br\/pactoWP\/wp-content\/uploads\/2022\/06\/pacto-simbolos-A4-adesivos.png\" \/>\r\n\t<meta property=\"og:image:width\" content=\"5512\" \/>\r\n\t<meta property=\"og:image:height\" content=\"5512\" \/>\r\n\t<meta property=\"og:image:type\" content=\"image\/png\" \/>\r\n<meta name=\"twitter:card\" content=\"summary_large_image\" \/>\r\n<meta name=\"twitter:site\" content=\"@pactoadm\" \/>\r\n<meta name=\"twitter:label1\" content=\"Est. tempo de leitura\" \/>\n\t<meta name=\"twitter:data1\" content=\"2 minutos\" \/>\r\n<script type=\"application\/ld+json\" class=\"yoast-schema-graph\">{\"@context\":\"https:\/\/schema.org\",\"@graph\":[{\"@type\":\"WebPage\",\"@id\":\"https:\/\/pactonet.com.br\/?page_id=217\",\"url\":\"https:\/\/pactonet.com.br\/?page_id=217\",\"name\":\"Manuais - PACTO Administradora de Condom\u00ednios\",\"isPartOf\":{\"@id\":\"https:\/\/pactonet.com.br\/#website\"},\"datePublished\":\"2018-10-18T20:25:35+00:00\",\"dateModified\":\"2024-11-26T13:19:40+00:00\",\"breadcrumb\":{\"@id\":\"https:\/\/pactonet.com.br\/?page_id=217#breadcrumb\"},\"inLanguage\":\"pt-BR\",\"potentialAction\":[{\"@type\":\"ReadAction\",\"target\":[\"https:\/\/pactonet.com.br\/?page_id=217\"]}]},{\"@type\":\"BreadcrumbList\",\"@id\":\"https:\/\/pactonet.com.br\/?page_id=217#breadcrumb\",\"itemListElement\":[{\"@type\":\"ListItem\",\"position\":1,\"name\":\"In\u00edcio\",\"item\":\"https:\/\/pactonet.com.br\/\"},{\"@type\":\"ListItem\",\"position\":2,\"name\":\"Ajuda\",\"item\":\"https:\/\/pactonet.com.br\/?page_id=207\"},{\"@type\":\"ListItem\",\"position\":3,\"name\":\"Manuais\"}]},{\"@type\":\"WebSite\",\"@id\":\"https:\/\/pactonet.com.br\/#website\",\"url\":\"https:\/\/pactonet.com.br\/\",\"name\":\"PACTO Administradora de Condom\u00ednios\",\"description\":\"39 anos de experi\u00eancia em Administra\u00e7\u00e3o Condominial. Gest\u00e3o de Condom\u00ednios Eficiente, Inovadora e Transparente.\",\"publisher\":{\"@id\":\"https:\/\/pactonet.com.br\/#organization\"},\"alternateName\":\"pactonet.com.br\",\"potentialAction\":[{\"@type\":\"SearchAction\",\"target\":{\"@type\":\"EntryPoint\",\"urlTemplate\":\"https:\/\/pactonet.com.br\/?s={search_term_string}\"},\"query-input\":{\"@type\":\"PropertyValueSpecification\",\"valueRequired\":true,\"valueName\":\"search_term_string\"}}],\"inLanguage\":\"pt-BR\"},{\"@type\":\"Organization\",\"@id\":\"https:\/\/pactonet.com.br\/#organization\",\"name\":\"PACTO & Co\",\"url\":\"https:\/\/pactonet.com.br\/\",\"logo\":{\"@type\":\"ImageObject\",\"inLanguage\":\"pt-BR\",\"@id\":\"https:\/\/pactonet.com.br\/#\/schema\/logo\/image\/\",\"url\":\"https:\/\/pactonet.com.br\/pactoWP\/wp-content\/uploads\/2022\/06\/PACTO-grupo.png\",\"contentUrl\":\"https:\/\/pactonet.com.br\/pactoWP\/wp-content\/uploads\/2022\/06\/PACTO-grupo.png\",\"width\":850,\"height\":191,\"caption\":\"PACTO & Co\"},\"image\":{\"@id\":\"https:\/\/pactonet.com.br\/#\/schema\/logo\/image\/\"},\"sameAs\":[\"https:\/\/www.facebook.com\/PactoAdministradora\",\"https:\/\/x.com\/pactoadm\",\"https:\/\/www.instagram.com\/pactoadministradora\/\",\"https:\/\/www.linkedin.com\/company\/pacto-administradora\/\",\"https:\/\/www.youtube.com\/channel\/UCFz66Tf3nKExnbRt_NCK_hw\/\"]}]}<\/script>\r\n<!-- \/ Yoast SEO plugin. -->","yoast_head_json":{"title":"Manuais - PACTO Administradora de Condom\u00ednios","robots":{"index":"index","follow":"follow","max-snippet":"max-snippet:-1","max-image-preview":"max-image-preview:large","max-video-preview":"max-video-preview:-1"},"canonical":"https:\/\/pactonet.com.br\/?page_id=217","og_locale":"pt_BR","og_type":"article","og_title":"Manuais - PACTO Administradora de Condom\u00ednios","og_description":"Reserva de Espa\u00e7os Passo a passo para o S\u00edndico cadastrar as \u00e1reas comuns do condom\u00ednio no site da PACTO Administradora. Tamb\u00e9m ensinamos como aprovar e como os cond\u00f4minos podem usar o sistema de reservas.&nbsp; Veja como \u00e9 f\u00e1cil configurar e usar essa funcionalidade? Leia o&nbsp;manual de reservas. Aplicativo PACTO: Para S\u00edndicos e Cond\u00f4minos Come\u00e7e a [&hellip;]","og_url":"https:\/\/pactonet.com.br\/?page_id=217","og_site_name":"PACTO Administradora de Condom\u00ednios","article_publisher":"https:\/\/www.facebook.com\/PactoAdministradora","article_modified_time":"2024-11-26T13:19:40+00:00","og_image":[{"width":5512,"height":5512,"url":"https:\/\/pactonet.com.br\/pactoWP\/wp-content\/uploads\/2022\/06\/pacto-simbolos-A4-adesivos.png","type":"image\/png"}],"twitter_card":"summary_large_image","twitter_site":"@pactoadm","twitter_misc":{"Est. tempo de leitura":"2 minutos"},"schema":{"@context":"https:\/\/schema.org","@graph":[{"@type":"WebPage","@id":"https:\/\/pactonet.com.br\/?page_id=217","url":"https:\/\/pactonet.com.br\/?page_id=217","name":"Manuais - PACTO Administradora de Condom\u00ednios","isPartOf":{"@id":"https:\/\/pactonet.com.br\/#website"},"datePublished":"2018-10-18T20:25:35+00:00","dateModified":"2024-11-26T13:19:40+00:00","breadcrumb":{"@id":"https:\/\/pactonet.com.br\/?page_id=217#breadcrumb"},"inLanguage":"pt-BR","potentialAction":[{"@type":"ReadAction","target":["https:\/\/pactonet.com.br\/?page_id=217"]}]},{"@type":"BreadcrumbList","@id":"https:\/\/pactonet.com.br\/?page_id=217#breadcrumb","itemListElement":[{"@type":"ListItem","position":1,"name":"In\u00edcio","item":"https:\/\/pactonet.com.br\/"},{"@type":"ListItem","position":2,"name":"Ajuda","item":"https:\/\/pactonet.com.br\/?page_id=207"},{"@type":"ListItem","position":3,"name":"Manuais"}]},{"@type":"WebSite","@id":"https:\/\/pactonet.com.br\/#website","url":"https:\/\/pactonet.com.br\/","name":"PACTO Administradora de Condom\u00ednios","description":"39 anos de experi\u00eancia em Administra\u00e7\u00e3o Condominial. Gest\u00e3o de Condom\u00ednios Eficiente, Inovadora e Transparente.","publisher":{"@id":"https:\/\/pactonet.com.br\/#organization"},"alternateName":"pactonet.com.br","potentialAction":[{"@type":"SearchAction","target":{"@type":"EntryPoint","urlTemplate":"https:\/\/pactonet.com.br\/?s={search_term_string}"},"query-input":{"@type":"PropertyValueSpecification","valueRequired":true,"valueName":"search_term_string"}}],"inLanguage":"pt-BR"},{"@type":"Organization","@id":"https:\/\/pactonet.com.br\/#organization","name":"PACTO & Co","url":"https:\/\/pactonet.com.br\/","logo":{"@type":"ImageObject","inLanguage":"pt-BR","@id":"https:\/\/pactonet.com.br\/#\/schema\/logo\/image\/","url":"https:\/\/pactonet.com.br\/pactoWP\/wp-content\/uploads\/2022\/06\/PACTO-grupo.png","contentUrl":"https:\/\/pactonet.com.br\/pactoWP\/wp-content\/uploads\/2022\/06\/PACTO-grupo.png","width":850,"height":191,"caption":"PACTO & Co"},"image":{"@id":"https:\/\/pactonet.com.br\/#\/schema\/logo\/image\/"},"sameAs":["https:\/\/www.facebook.com\/PactoAdministradora","https:\/\/x.com\/pactoadm","https:\/\/www.instagram.com\/pactoadministradora\/","https:\/\/www.linkedin.com\/company\/pacto-administradora\/","https:\/\/www.youtube.com\/channel\/UCFz66Tf3nKExnbRt_NCK_hw\/"]}]}},"_links":{"self":[{"href":"https:\/\/pactonet.com.br\/index.php?rest_route=\/wp\/v2\/pages\/217","targetHints":{"allow":["GET"]}}],"collection":[{"href":"https:\/\/pactonet.com.br\/index.php?rest_route=\/wp\/v2\/pages"}],"about":[{"href":"https:\/\/pactonet.com.br\/index.php?rest_route=\/wp\/v2\/types\/page"}],"author":[{"embeddable":true,"href":"https:\/\/pactonet.com.br\/index.php?rest_route=\/wp\/v2\/users\/7"}],"replies":[{"embeddable":true,"href":"https:\/\/pactonet.com.br\/index.php?rest_route=%2Fwp%2Fv2%2Fcomments&post=217"}],"version-history":[{"count":22,"href":"https:\/\/pactonet.com.br\/index.php?rest_route=\/wp\/v2\/pages\/217\/revisions"}],"predecessor-version":[{"id":8319,"href":"https:\/\/pactonet.com.br\/index.php?rest_route=\/wp\/v2\/pages\/217\/revisions\/8319"}],"up":[{"embeddable":true,"href":"https:\/\/pactonet.com.br\/index.php?rest_route=\/wp\/v2\/pages\/207"}],"wp:attachment":[{"href":"https:\/\/pactonet.com.br\/index.php?rest_route=%2Fwp%2Fv2%2Fmedia&parent=217"}],"curies":[{"name":"wp","href":"https:\/\/api.w.org\/{rel}","templated":true}]}}