{"id":2276,"date":"2020-03-09T12:23:11","date_gmt":"2020-03-09T15:23:11","guid":{"rendered":"https:\/\/pactonet.com.br\/politica-de-privacidade-copy\/"},"modified":"2024-11-26T10:37:20","modified_gmt":"2024-11-26T13:37:20","slug":"termos-de-uso","status":"publish","type":"page","link":"https:\/\/pactonet.com.br\/?page_id=2276","title":{"rendered":"Termos de Uso"},"content":{"rendered":"\t\t<div data-elementor-type=\"wp-post\" data-elementor-id=\"2276\" class=\"elementor elementor-2276 elementor-bc-flex-widget\" data-elementor-post-type=\"page\">\n\t\t\t\t\t\t<section class=\"elementor-section elementor-top-section elementor-element elementor-element-611b44eb elementor-section-boxed elementor-section-height-default elementor-section-height-default\" data-id=\"611b44eb\" data-element_type=\"section\">\n\t\t\t\t\t\t<div class=\"elementor-container elementor-column-gap-default\">\n\t\t\t\t\t<div class=\"elementor-column elementor-col-50 elementor-top-column elementor-element elementor-element-6ce3ce11\" data-id=\"6ce3ce11\" data-element_type=\"column\">\n\t\t\t<div class=\"elementor-widget-wrap elementor-element-populated\">\n\t\t\t\t\t\t<div class=\"elementor-element elementor-element-36c56ca2 elementor-widget elementor-widget-text-editor\" data-id=\"36c56ca2\" data-element_type=\"widget\" data-widget_type=\"text-editor.default\">\n\t\t\t\t<div class=\"elementor-widget-container\">\n\t\t\t\t\t\t\t\t\t<h1>Termo de Consentimento para Tratamento de Dados Pessoais<\/h1><p>Este documento visa registrar a manifesta\u00e7\u00e3o livre, informada e inequ\u00edvoca pela qual o titular concorda com o tratamento de seus dados pessoais para finalidade espec\u00edfica, em conformidade com a Lei n\u00ba 13.709\/18 \u2013 Lei Geral de Prote\u00e7\u00e3o de Dados Pessoais (LGPD).<\/p><p>O titular consente e concorda que a empresa PACTO Administradora e Corretora de Seguros Ltda., CNPJ n\u00ba 22.256.978\/0001-51, com sede na Rua dos Timbiras, n\u00ba 638, Bairro Funcion\u00e1rios, Belo Horizonte \u2013 MG, CEP: 30140-068, doravante denominada controlador, realize o tratamento de seus dados pessoais, envolvendo opera\u00e7\u00f5es como as que se referem a coleta, produ\u00e7\u00e3o, recep\u00e7\u00e3o, classifica\u00e7\u00e3o, utiliza\u00e7\u00e3o, acesso, reprodu\u00e7\u00e3o, transmiss\u00e3o, distribui\u00e7\u00e3o, processamento, arquivamento, armazenamento, elimina\u00e7\u00e3o, avalia\u00e7\u00e3o ou controle da informa\u00e7\u00e3o, modifica\u00e7\u00e3o, comunica\u00e7\u00e3o, transfer\u00eancia, difus\u00e3o ou extra\u00e7\u00e3o.<\/p><h2>Dados Pessoais<\/h2><p>O controlador fica autorizado a realizar o tratamento dos seguintes dados pessoais do titular, se coletados: nome completo, n\u00famero do Cadastro de Pessoas F\u00edsicas (CPF), n\u00famero do Cadastro Nacional de Pessoa Jur\u00eddica (CNPJ), e-mail, telefone, endere\u00e7o, data de nascimento, n\u00famero da identidade, \u00f3rg\u00e3o e data de expedi\u00e7\u00e3o, filia\u00e7\u00e3o, sexo, estado civil, nacionalidade, profiss\u00e3o e n\u00famero do PIS\/PASEP.<\/p><h2>Finalidades do Tratamento dos Dados<\/h2><p>O tratamento dos dados pessoais listados neste termo possibilita que o controlador:<\/p><ul><li>Execute o servi\u00e7o contratado pelo condom\u00ednio\/associa\u00e7\u00e3o do qual o titular \u00e9 integrante.<\/li><li>Realize a administra\u00e7\u00e3o cont\u00e1bil e financeira do condom\u00ednio\/associa\u00e7\u00e3o, praticando todos os atos necess\u00e1rios a este fim.<\/li><li>Emita, registre no banco conveniado e envie ao titular os boletos para pagamento das taxas condominiais.<\/li><li>Envie ao titular e-mails relacionados aos assuntos condominiais ou aos produtos e servi\u00e7os da administradora do condom\u00ednio\/associa\u00e7\u00e3o.<\/li><li>Proceda \u00e0 abertura de contas banc\u00e1rias do condom\u00ednio\/associa\u00e7\u00e3o em bancos conveniados.<\/li><\/ul><h2>Compartilhamento de Dados<\/h2><p>O controlador fica autorizado a compartilhar os dados pessoais do titular com outros agentes de tratamento de dados, caso seja necess\u00e1rio para as finalidades listadas neste termo, observados os princ\u00edpios e as garantias estabelecidas pela Lei n\u00ba 13.709\/18. Em nenhuma hip\u00f3tese o controlador compartilhar\u00e1 os dados do titular para fins comerciais, de divulga\u00e7\u00e3o de produtos e servi\u00e7os por outras empresas ou <em>telemarketing<\/em>.<\/p><h2>Seguran\u00e7a dos Dados<\/h2><p>O controlador responsabiliza-se pela manuten\u00e7\u00e3o de medidas de seguran\u00e7a, t\u00e9cnicas e administrativas aptas a proteger os dados pessoais de acessos n\u00e3o autorizados e de situa\u00e7\u00f5es acidentais ou il\u00edcitas de destrui\u00e7\u00e3o, perda, altera\u00e7\u00e3o, comunica\u00e7\u00e3o ou qualquer forma de tratamento inadequado ou il\u00edcito.<\/p><p>Em conformidade ao art. 48 da Lei n\u00ba 13.709\/18, o controlador comunicar\u00e1 ao titular e \u00e0 Autoridade Nacional de Prote\u00e7\u00e3o de Dados (ANPD) a ocorr\u00eancia de incidente de seguran\u00e7a que possa acarretar risco ou dano relevante ao titular.<\/p><h2>T\u00e9rmino do Tratamento dos Dados<\/h2><p>\u00c9 responsabilidade do titular dos dados informar \u00e0 administradora sobre eventual altera\u00e7\u00e3o do propriet\u00e1rio ou morador da unidade, para fins de atualiza\u00e7\u00e3o do cadastro.<\/p><p>Ainda, o\u00a0controlador poder\u00e1 manter e tratar os dados pessoais do titular durante todo o per\u00edodo em que os mesmos forem pertinentes ao alcance das finalidades listadas neste termo.<\/p><h2>Direitos do Titular<\/h2><p>O titular tem direito a obter do controlador, em rela\u00e7\u00e3o aos dados por ele tratados, a qualquer momento e mediante requisi\u00e7\u00e3o: I &#8211; confirma\u00e7\u00e3o da exist\u00eancia de tratamento; II &#8211; acesso aos dados; III &#8211; corre\u00e7\u00e3o de dados incompletos, inexatos ou desatualizados; IV &#8211; anonimiza\u00e7\u00e3o, bloqueio ou elimina\u00e7\u00e3o de dados desnecess\u00e1rios, excessivos ou tratados em desconformidade com o disposto na Lei n\u00ba 13.709\/18; V &#8211; portabilidade dos dados a outro fornecedor de servi\u00e7o ou produto, mediante requisi\u00e7\u00e3o expressa e observados os segredos comercial e industrial, de acordo com a regulamenta\u00e7\u00e3o do \u00f3rg\u00e3o controlador; V &#8211; portabilidade dos dados a outro fornecedor de servi\u00e7o ou produto, mediante requisi\u00e7\u00e3o expressa, de acordo com a regulamenta\u00e7\u00e3o da autoridade nacional, observados os segredos comercial e industrial; VI &#8211; elimina\u00e7\u00e3o dos dados pessoais tratados com o consentimento do titular, exceto nas hip\u00f3teses previstas no art. 16 da Lei n\u00ba 13.709\/18; VII &#8211; informa\u00e7\u00e3o das entidades p\u00fablicas e privadas com as quais o controlador realizou uso compartilhado de dados; VIII &#8211; informa\u00e7\u00e3o sobre a possibilidade de n\u00e3o fornecer consentimento e sobre as consequ\u00eancias da negativa; IX &#8211; revoga\u00e7\u00e3o do consentimento, nos termos do \u00a7 5\u00ba do art. 8\u00ba da Lei n\u00ba 13.709\/18.<\/p><h3>Contato do DPO (Data Protection Officer)<\/h3><p>Quaisquer d\u00favidas, questionamentos, comunica\u00e7\u00f5es ou requerimentos relacionados ao tratamento de Dados Pessoais realizados pela PACTO poder\u00e3o ser direcionados ao encarregado de prote\u00e7\u00e3o dos dados, tamb\u00e9m chamado de DPO, respons\u00e1vel por atuar como canal de comunica\u00e7\u00e3o entre o titular dos dados e a empresa.<\/p><p>E-mail: <b>dpo@pactonet.com.br<\/b><br \/><span style=\"font-size: 14px;\">Endere\u00e7o: Rua dos Timbiras, n\u00ba 638, Bairro Funcion\u00e1rios, Belo Horizonte \u2013 MG, CEP: 30140-068.\u00a0<\/span><\/p><div><strong style=\"color: #0d3880; font-family: Poppins; font-size: 20px;\">Pol\u00edtica de Privacidade<\/strong><\/div><p>O titular declara que leu e concorda com o presente Termo de Consentimento e com a\u00a0<a href=\"https:\/\/pactonet.com.br\/politica-de-privacidade\/\" target=\"_blank\" rel=\"noopener\">Pol\u00edtica de Privacidade<\/a>\u00a0do controlador.<\/p>\t\t\t\t\t\t\t\t<\/div>\n\t\t\t\t<\/div>\n\t\t\t\t\t<\/div>\n\t\t<\/div>\n\t\t\t\t<div class=\"elementor-column elementor-col-50 elementor-top-column elementor-element elementor-element-c524368\" data-id=\"c524368\" data-element_type=\"column\">\n\t\t\t<div class=\"elementor-widget-wrap elementor-element-populated\">\n\t\t\t\t\t\t<div class=\"elementor-element elementor-element-b7b86ca elementor-widget elementor-widget-shortcode\" data-id=\"b7b86ca\" data-element_type=\"widget\" data-widget_type=\"shortcode.default\">\n\t\t\t\t<div class=\"elementor-widget-container\">\n\t\t\t\t\t\t\t<div class=\"elementor-shortcode\">\t\t<div data-elementor-type=\"wp-post\" data-elementor-id=\"2336\" class=\"elementor elementor-2336 elementor-bc-flex-widget\" data-elementor-post-type=\"oceanwp_library\">\n\t\t\t\t\t\t<section class=\"elementor-section elementor-top-section elementor-element elementor-element-0c0869c elementor-section-boxed elementor-section-height-default elementor-section-height-default\" data-id=\"0c0869c\" data-element_type=\"section\">\n\t\t\t\t\t\t<div class=\"elementor-container elementor-column-gap-default\">\n\t\t\t\t\t<div class=\"elementor-column elementor-col-100 elementor-top-column elementor-element elementor-element-d07fa32\" data-id=\"d07fa32\" data-element_type=\"column\">\n\t\t\t<div class=\"elementor-widget-wrap elementor-element-populated\">\n\t\t\t\t\t\t<div class=\"elementor-element elementor-element-d9b11da qwp-page-nav elementor-widget elementor-widget-wp-widget-nav_menu\" data-id=\"d9b11da\" data-element_type=\"widget\" data-widget_type=\"wp-widget-nav_menu.default\">\n\t\t\t\t<div class=\"elementor-widget-container\">\n\t\t\t\t\t<div class=\"menu-menu-lgpd-container\"><ul id=\"menu-menu-lgpd\" class=\"menu\"><li id=\"menu-item-2326\" class=\"menu-item menu-item-type-post_type menu-item-object-page menu-item-privacy-policy menu-item-2326\"><a rel=\"privacy-policy\" href=\"https:\/\/pactonet.com.br\/?page_id=752\">Pol\u00edtica de Privacidade<\/a><\/li>\n<li id=\"menu-item-2345\" class=\"menu-item menu-item-type-post_type menu-item-object-page menu-item-2345\"><a href=\"https:\/\/pactonet.com.br\/?page_id=2302\">Pol\u00edtica de Cookies<\/a><\/li>\n<li id=\"menu-item-2327\" class=\"menu-item menu-item-type-post_type menu-item-object-page menu-item-2327\"><a href=\"https:\/\/pactonet.com.br\/?page_id=2276\">Termos de Uso<\/a><\/li>\n<\/ul><\/div>\t\t\t\t<\/div>\n\t\t\t\t<\/div>\n\t\t\t\t\t<\/div>\n\t\t<\/div>\n\t\t\t\t\t<\/div>\n\t\t<\/section>\n\t\t\t\t<\/div>\n\t\t<\/div>\n\t\t\t\t\t\t<\/div>\n\t\t\t\t<\/div>\n\t\t\t\t\t<\/div>\n\t\t<\/div>\n\t\t\t\t\t<\/div>\n\t\t<\/section>\n\t\t\t\t<\/div>\n\t\t","protected":false},"excerpt":{"rendered":"<p>Termo de Consentimento para Tratamento de Dados Pessoais Este documento visa registrar a manifesta\u00e7\u00e3o livre, informada e inequ\u00edvoca pela qual o titular concorda com o tratamento de seus dados pessoais para finalidade espec\u00edfica, em conformidade com a Lei n\u00ba 13.709\/18 \u2013 Lei Geral de Prote\u00e7\u00e3o de Dados Pessoais (LGPD). O titular consente e concorda que [&hellip;]<\/p>\n","protected":false},"author":2,"featured_media":0,"parent":0,"menu_order":0,"comment_status":"closed","ping_status":"closed","template":"","meta":{"ocean_post_layout":"","ocean_both_sidebars_style":"","ocean_both_sidebars_content_width":0,"ocean_both_sidebars_sidebars_width":0,"ocean_sidebar":"0","ocean_second_sidebar":"0","ocean_disable_margins":"enable","ocean_add_body_class":"","ocean_shortcode_before_top_bar":"","ocean_shortcode_after_top_bar":"","ocean_shortcode_before_header":"","ocean_shortcode_after_header":"","ocean_has_shortcode":"","ocean_shortcode_after_title":"","ocean_shortcode_before_footer_widgets":"","ocean_shortcode_after_footer_widgets":"","ocean_shortcode_before_footer_bottom":"","ocean_shortcode_after_footer_bottom":"","ocean_display_top_bar":"default","ocean_display_header":"default","ocean_header_style":"","ocean_center_header_left_menu":"0","ocean_custom_header_template":"0","ocean_custom_logo":0,"ocean_custom_retina_logo":0,"ocean_custom_logo_max_width":0,"ocean_custom_logo_tablet_max_width":0,"ocean_custom_logo_mobile_max_width":0,"ocean_custom_logo_max_height":0,"ocean_custom_logo_tablet_max_height":0,"ocean_custom_logo_mobile_max_height":0,"ocean_header_custom_menu":"0","ocean_menu_typo_font_family":"0","ocean_menu_typo_font_subset":"","ocean_menu_typo_font_size":0,"ocean_menu_typo_font_size_tablet":0,"ocean_menu_typo_font_size_mobile":0,"ocean_menu_typo_font_size_unit":"px","ocean_menu_typo_font_weight":"","ocean_menu_typo_font_weight_tablet":"","ocean_menu_typo_font_weight_mobile":"","ocean_menu_typo_transform":"","ocean_menu_typo_transform_tablet":"","ocean_menu_typo_transform_mobile":"","ocean_menu_typo_line_height":0,"ocean_menu_typo_line_height_tablet":0,"ocean_menu_typo_line_height_mobile":0,"ocean_menu_typo_line_height_unit":"","ocean_menu_typo_spacing":0,"ocean_menu_typo_spacing_tablet":0,"ocean_menu_typo_spacing_mobile":0,"ocean_menu_typo_spacing_unit":"","ocean_menu_link_color":"","ocean_menu_link_color_hover":"","ocean_menu_link_color_active":"","ocean_menu_link_background":"","ocean_menu_link_hover_background":"","ocean_menu_link_active_background":"","ocean_menu_social_links_bg":"","ocean_menu_social_hover_links_bg":"","ocean_menu_social_links_color":"","ocean_menu_social_hover_links_color":"","ocean_disable_title":"default","ocean_disable_heading":"default","ocean_post_title":"","ocean_post_subheading":"","ocean_post_title_style":"","ocean_post_title_background_color":"","ocean_post_title_background":0,"ocean_post_title_bg_image_position":"","ocean_post_title_bg_image_attachment":"","ocean_post_title_bg_image_repeat":"","ocean_post_title_bg_image_size":"","ocean_post_title_height":0,"ocean_post_title_bg_overlay":0.5,"ocean_post_title_bg_overlay_color":"","ocean_disable_breadcrumbs":"default","ocean_breadcrumbs_color":"","ocean_breadcrumbs_separator_color":"","ocean_breadcrumbs_links_color":"","ocean_breadcrumbs_links_hover_color":"","ocean_display_footer_widgets":"default","ocean_display_footer_bottom":"default","ocean_custom_footer_template":"0","footnotes":""},"class_list":["post-2276","page","type-page","status-publish","hentry","entry"],"yoast_head":"<!-- This site is optimized with the Yoast SEO plugin v24.5 - https:\/\/yoast.com\/wordpress\/plugins\/seo\/ -->\r\n<title>Termos de Uso - PACTO Administradora de Condom\u00ednios<\/title>\r\n<meta name=\"description\" content=\"Pol\u00edtica de privacidade s\u00e3o as pr\u00e1ticas e processos adotados em nosso site: pactoadministradora.com.br para tornar transparente nossa rela\u00e7\u00e3o com voc\u00ea.\" \/>\r\n<meta name=\"robots\" content=\"index, follow, max-snippet:-1, max-image-preview:large, max-video-preview:-1\" \/>\r\n<link rel=\"canonical\" href=\"https:\/\/pactonet.com.br\/?page_id=2276\" \/>\r\n<meta property=\"og:locale\" content=\"pt_BR\" \/>\r\n<meta property=\"og:type\" content=\"article\" \/>\r\n<meta property=\"og:title\" content=\"Termos de Uso - PACTO Administradora de Condom\u00ednios\" \/>\r\n<meta property=\"og:description\" content=\"Pol\u00edtica de privacidade s\u00e3o as pr\u00e1ticas e processos adotados em nosso site: pactoadministradora.com.br para tornar transparente nossa rela\u00e7\u00e3o com voc\u00ea.\" \/>\r\n<meta property=\"og:url\" content=\"https:\/\/pactonet.com.br\/?page_id=2276\" \/>\r\n<meta property=\"og:site_name\" content=\"PACTO Administradora de Condom\u00ednios\" \/>\r\n<meta property=\"article:publisher\" content=\"https:\/\/www.facebook.com\/PactoAdministradora\" \/>\r\n<meta property=\"article:modified_time\" content=\"2024-11-26T13:37:20+00:00\" \/>\r\n<meta property=\"og:image\" content=\"https:\/\/pactonet.com.br\/pactoWP\/wp-content\/uploads\/2022\/06\/pacto-simbolos-A4-adesivos.png\" \/>\r\n\t<meta property=\"og:image:width\" content=\"5512\" \/>\r\n\t<meta property=\"og:image:height\" content=\"5512\" \/>\r\n\t<meta property=\"og:image:type\" content=\"image\/png\" \/>\r\n<meta name=\"twitter:card\" content=\"summary_large_image\" \/>\r\n<meta name=\"twitter:site\" content=\"@pactoadm\" \/>\r\n<meta name=\"twitter:label1\" content=\"Est. tempo de leitura\" \/>\n\t<meta name=\"twitter:data1\" content=\"5 minutos\" \/>\r\n<script type=\"application\/ld+json\" class=\"yoast-schema-graph\">{\"@context\":\"https:\/\/schema.org\",\"@graph\":[{\"@type\":\"WebPage\",\"@id\":\"https:\/\/pactonet.com.br\/?page_id=2276\",\"url\":\"https:\/\/pactonet.com.br\/?page_id=2276\",\"name\":\"Termos de Uso - PACTO Administradora de Condom\u00ednios\",\"isPartOf\":{\"@id\":\"https:\/\/pactonet.com.br\/#website\"},\"datePublished\":\"2020-03-09T15:23:11+00:00\",\"dateModified\":\"2024-11-26T13:37:20+00:00\",\"description\":\"Pol\u00edtica de privacidade s\u00e3o as pr\u00e1ticas e processos adotados em nosso site: pactoadministradora.com.br para tornar transparente nossa rela\u00e7\u00e3o com voc\u00ea.\",\"breadcrumb\":{\"@id\":\"https:\/\/pactonet.com.br\/?page_id=2276#breadcrumb\"},\"inLanguage\":\"pt-BR\",\"potentialAction\":[{\"@type\":\"ReadAction\",\"target\":[\"https:\/\/pactonet.com.br\/?page_id=2276\"]}]},{\"@type\":\"BreadcrumbList\",\"@id\":\"https:\/\/pactonet.com.br\/?page_id=2276#breadcrumb\",\"itemListElement\":[{\"@type\":\"ListItem\",\"position\":1,\"name\":\"In\u00edcio\",\"item\":\"https:\/\/pactonet.com.br\/\"},{\"@type\":\"ListItem\",\"position\":2,\"name\":\"Termos de Uso\"}]},{\"@type\":\"WebSite\",\"@id\":\"https:\/\/pactonet.com.br\/#website\",\"url\":\"https:\/\/pactonet.com.br\/\",\"name\":\"PACTO Administradora de Condom\u00ednios\",\"description\":\"39 anos de experi\u00eancia em Administra\u00e7\u00e3o Condominial. Gest\u00e3o de Condom\u00ednios Eficiente, Inovadora e Transparente.\",\"publisher\":{\"@id\":\"https:\/\/pactonet.com.br\/#organization\"},\"alternateName\":\"pactonet.com.br\",\"potentialAction\":[{\"@type\":\"SearchAction\",\"target\":{\"@type\":\"EntryPoint\",\"urlTemplate\":\"https:\/\/pactonet.com.br\/?s={search_term_string}\"},\"query-input\":{\"@type\":\"PropertyValueSpecification\",\"valueRequired\":true,\"valueName\":\"search_term_string\"}}],\"inLanguage\":\"pt-BR\"},{\"@type\":\"Organization\",\"@id\":\"https:\/\/pactonet.com.br\/#organization\",\"name\":\"PACTO & Co\",\"url\":\"https:\/\/pactonet.com.br\/\",\"logo\":{\"@type\":\"ImageObject\",\"inLanguage\":\"pt-BR\",\"@id\":\"https:\/\/pactonet.com.br\/#\/schema\/logo\/image\/\",\"url\":\"https:\/\/pactonet.com.br\/pactoWP\/wp-content\/uploads\/2022\/06\/PACTO-grupo.png\",\"contentUrl\":\"https:\/\/pactonet.com.br\/pactoWP\/wp-content\/uploads\/2022\/06\/PACTO-grupo.png\",\"width\":850,\"height\":191,\"caption\":\"PACTO & Co\"},\"image\":{\"@id\":\"https:\/\/pactonet.com.br\/#\/schema\/logo\/image\/\"},\"sameAs\":[\"https:\/\/www.facebook.com\/PactoAdministradora\",\"https:\/\/x.com\/pactoadm\",\"https:\/\/www.instagram.com\/pactoadministradora\/\",\"https:\/\/www.linkedin.com\/company\/pacto-administradora\/\",\"https:\/\/www.youtube.com\/channel\/UCFz66Tf3nKExnbRt_NCK_hw\/\"]}]}<\/script>\r\n<!-- \/ Yoast SEO plugin. -->","yoast_head_json":{"title":"Termos de Uso - PACTO Administradora de Condom\u00ednios","description":"Pol\u00edtica de privacidade s\u00e3o as pr\u00e1ticas e processos adotados em nosso site: pactoadministradora.com.br para tornar transparente nossa rela\u00e7\u00e3o com voc\u00ea.","robots":{"index":"index","follow":"follow","max-snippet":"max-snippet:-1","max-image-preview":"max-image-preview:large","max-video-preview":"max-video-preview:-1"},"canonical":"https:\/\/pactonet.com.br\/?page_id=2276","og_locale":"pt_BR","og_type":"article","og_title":"Termos de Uso - PACTO Administradora de Condom\u00ednios","og_description":"Pol\u00edtica de privacidade s\u00e3o as pr\u00e1ticas e processos adotados em nosso site: pactoadministradora.com.br para tornar transparente nossa rela\u00e7\u00e3o com voc\u00ea.","og_url":"https:\/\/pactonet.com.br\/?page_id=2276","og_site_name":"PACTO Administradora de Condom\u00ednios","article_publisher":"https:\/\/www.facebook.com\/PactoAdministradora","article_modified_time":"2024-11-26T13:37:20+00:00","og_image":[{"width":5512,"height":5512,"url":"https:\/\/pactonet.com.br\/pactoWP\/wp-content\/uploads\/2022\/06\/pacto-simbolos-A4-adesivos.png","type":"image\/png"}],"twitter_card":"summary_large_image","twitter_site":"@pactoadm","twitter_misc":{"Est. tempo de leitura":"5 minutos"},"schema":{"@context":"https:\/\/schema.org","@graph":[{"@type":"WebPage","@id":"https:\/\/pactonet.com.br\/?page_id=2276","url":"https:\/\/pactonet.com.br\/?page_id=2276","name":"Termos de Uso - PACTO Administradora de Condom\u00ednios","isPartOf":{"@id":"https:\/\/pactonet.com.br\/#website"},"datePublished":"2020-03-09T15:23:11+00:00","dateModified":"2024-11-26T13:37:20+00:00","description":"Pol\u00edtica de privacidade s\u00e3o as pr\u00e1ticas e processos adotados em nosso site: pactoadministradora.com.br para tornar transparente nossa rela\u00e7\u00e3o com voc\u00ea.","breadcrumb":{"@id":"https:\/\/pactonet.com.br\/?page_id=2276#breadcrumb"},"inLanguage":"pt-BR","potentialAction":[{"@type":"ReadAction","target":["https:\/\/pactonet.com.br\/?page_id=2276"]}]},{"@type":"BreadcrumbList","@id":"https:\/\/pactonet.com.br\/?page_id=2276#breadcrumb","itemListElement":[{"@type":"ListItem","position":1,"name":"In\u00edcio","item":"https:\/\/pactonet.com.br\/"},{"@type":"ListItem","position":2,"name":"Termos de Uso"}]},{"@type":"WebSite","@id":"https:\/\/pactonet.com.br\/#website","url":"https:\/\/pactonet.com.br\/","name":"PACTO Administradora de Condom\u00ednios","description":"39 anos de experi\u00eancia em Administra\u00e7\u00e3o Condominial. Gest\u00e3o de Condom\u00ednios Eficiente, Inovadora e Transparente.","publisher":{"@id":"https:\/\/pactonet.com.br\/#organization"},"alternateName":"pactonet.com.br","potentialAction":[{"@type":"SearchAction","target":{"@type":"EntryPoint","urlTemplate":"https:\/\/pactonet.com.br\/?s={search_term_string}"},"query-input":{"@type":"PropertyValueSpecification","valueRequired":true,"valueName":"search_term_string"}}],"inLanguage":"pt-BR"},{"@type":"Organization","@id":"https:\/\/pactonet.com.br\/#organization","name":"PACTO & Co","url":"https:\/\/pactonet.com.br\/","logo":{"@type":"ImageObject","inLanguage":"pt-BR","@id":"https:\/\/pactonet.com.br\/#\/schema\/logo\/image\/","url":"https:\/\/pactonet.com.br\/pactoWP\/wp-content\/uploads\/2022\/06\/PACTO-grupo.png","contentUrl":"https:\/\/pactonet.com.br\/pactoWP\/wp-content\/uploads\/2022\/06\/PACTO-grupo.png","width":850,"height":191,"caption":"PACTO & Co"},"image":{"@id":"https:\/\/pactonet.com.br\/#\/schema\/logo\/image\/"},"sameAs":["https:\/\/www.facebook.com\/PactoAdministradora","https:\/\/x.com\/pactoadm","https:\/\/www.instagram.com\/pactoadministradora\/","https:\/\/www.linkedin.com\/company\/pacto-administradora\/","https:\/\/www.youtube.com\/channel\/UCFz66Tf3nKExnbRt_NCK_hw\/"]}]}},"_links":{"self":[{"href":"https:\/\/pactonet.com.br\/index.php?rest_route=\/wp\/v2\/pages\/2276","targetHints":{"allow":["GET"]}}],"collection":[{"href":"https:\/\/pactonet.com.br\/index.php?rest_route=\/wp\/v2\/pages"}],"about":[{"href":"https:\/\/pactonet.com.br\/index.php?rest_route=\/wp\/v2\/types\/page"}],"author":[{"embeddable":true,"href":"https:\/\/pactonet.com.br\/index.php?rest_route=\/wp\/v2\/users\/2"}],"replies":[{"embeddable":true,"href":"https:\/\/pactonet.com.br\/index.php?rest_route=%2Fwp%2Fv2%2Fcomments&post=2276"}],"version-history":[{"count":9,"href":"https:\/\/pactonet.com.br\/index.php?rest_route=\/wp\/v2\/pages\/2276\/revisions"}],"predecessor-version":[{"id":5363,"href":"https:\/\/pactonet.com.br\/index.php?rest_route=\/wp\/v2\/pages\/2276\/revisions\/5363"}],"wp:attachment":[{"href":"https:\/\/pactonet.com.br\/index.php?rest_route=%2Fwp%2Fv2%2Fmedia&parent=2276"}],"curies":[{"name":"wp","href":"https:\/\/api.w.org\/{rel}","templated":true}]}}