{"id":25,"date":"2018-10-09T17:45:33","date_gmt":"2018-10-09T20:45:33","guid":{"rendered":"https:\/\/pactonet.com.br\/pactoWP\/?page_id=25"},"modified":"2025-10-14T17:51:43","modified_gmt":"2025-10-14T20:51:43","slug":"proposta","status":"publish","type":"page","link":"https:\/\/pactonet.com.br\/?page_id=25","title":{"rendered":"Proposta"},"content":{"rendered":"\t\t<div data-elementor-type=\"wp-post\" data-elementor-id=\"25\" class=\"elementor elementor-25\" data-elementor-post-type=\"page\">\n\t\t\t\t\t\t<section class=\"elementor-section elementor-top-section elementor-element elementor-element-6b18336 elementor-section-stretched elementor-section-boxed elementor-section-height-default elementor-section-height-default\" data-id=\"6b18336\" data-element_type=\"section\" data-settings=\"{&quot;stretch_section&quot;:&quot;section-stretched&quot;,&quot;background_background&quot;:&quot;classic&quot;}\">\n\t\t\t\t\t\t\t<div class=\"elementor-background-overlay\"><\/div>\n\t\t\t\t\t\t\t<div class=\"elementor-container elementor-column-gap-default\">\n\t\t\t\t\t<div class=\"elementor-column elementor-col-50 elementor-top-column elementor-element elementor-element-1d1ecdc\" data-id=\"1d1ecdc\" data-element_type=\"column\">\n\t\t\t<div class=\"elementor-widget-wrap elementor-element-populated\">\n\t\t\t\t\t\t<div class=\"elementor-element elementor-element-538c30d elementor-widget elementor-widget-wp-widget-frm_show_form\" data-id=\"538c30d\" data-element_type=\"widget\" data-widget_type=\"wp-widget-frm_show_form.default\">\n\t\t\t\t<div class=\"elementor-widget-container\">\n\t\t\t\t\t<div class=\"frm_form_widget\"><div class=\"frm_forms  with_frm_style frm_style_formidable-style\" id=\"frm_form_8_container\" >\n<form enctype=\"multipart\/form-data\" method=\"post\" class=\"frm-show-form  frm_js_validate  frm_ajax_submit  frm_pro_form \" id=\"form_4sa8t\" >\n<div class=\"frm_form_fields \">\n<fieldset>\n<legend class=\"frm_screen_reader\">Proposta<\/legend>\r\n\r\n<div class=\"frm_fields_container\">\n<input type=\"hidden\" name=\"frm_action\" value=\"create\" \/>\n<input type=\"hidden\" name=\"form_id\" value=\"8\" \/>\n<input type=\"hidden\" name=\"frm_hide_fields_8\" id=\"frm_hide_fields_8\" value=\"\" \/>\n<input type=\"hidden\" name=\"form_key\" value=\"4sa8t\" \/>\n<input type=\"hidden\" name=\"item_meta[0]\" value=\"\" \/>\n<input type=\"hidden\" id=\"frm_submit_entry_8\" name=\"frm_submit_entry_8\" value=\"3b10bc07d1\" \/><input type=\"hidden\" name=\"_wp_http_referer\" value=\"\/index.php?rest_route=%2Fwp%2Fv2%2Fpages%2F25\" \/><div id=\"frm_field_76_container\" class=\"frm_form_field  frm_html_container form-field\">\n<h2>Dados do Solicitante<\/h2>\n<\/div>\n<div id=\"frm_field_77_container\" class=\"frm_form_field form-field  frm_required_field frm_none_container frm_full\">\r\n    <label for=\"field_h9nla\" class=\"frm_primary_label\">Nome\r\n        <span class=\"frm_required\">*<\/span>\r\n    <\/label>\r\n    <input  type=\"text\" id=\"field_h9nla\" name=\"item_meta[77]\" value=\"\"  placeholder=\"Nome\" data-reqmsg=\"Campo obrigat\u00f3rio.\" aria-required=\"true\" data-invmsg=\"Text is invalid\" aria-invalid=\"false\"   \/>\r\n    \r\n    \r\n<\/div>\n<div id=\"frm_field_78_container\" class=\"frm_form_field form-field  frm_none_container frm_first frm_third\">\r\n    <label for=\"field_hsa30\" class=\"frm_primary_label\">Telefone Comercial\r\n        <span class=\"frm_required\"><\/span>\r\n    <\/label>\r\n    <input type=\"tel\" id=\"field_hsa30\" name=\"item_meta[78]\" value=\"\"  data-frmmask=\"(99)9999-9999\" placeholder=\"Telefone Comercial\" data-invmsg=\"Telefone inv\u00e1lido.\" aria-invalid=\"false\" pattern=\"\\(\\d\\d\\)\\d\\d\\d\\d-\\d\\d\\d\\d$\"  \/>\r\n    \r\n    \r\n<\/div>\n<div id=\"frm_field_79_container\" class=\"frm_form_field form-field  frm_none_container frm_third\">\r\n    <label for=\"field_cxjoi\" class=\"frm_primary_label\">Telefone Residencial\r\n        <span class=\"frm_required\"><\/span>\r\n    <\/label>\r\n    <input type=\"tel\" id=\"field_cxjoi\" name=\"item_meta[79]\" value=\"\"  data-frmmask=\"(99)9999-9999\" placeholder=\"Telefone Residencial\" data-invmsg=\"Telefone inv\u00e1lido.\" aria-invalid=\"false\" pattern=\"\\(\\d\\d\\)\\d\\d\\d\\d-\\d\\d\\d\\d$\"  \/>\r\n    \r\n    \r\n<\/div>\n<div id=\"frm_field_80_container\" class=\"frm_form_field form-field  frm_required_field frm_none_container frm_third\">\r\n    <label for=\"field_mfa90\" class=\"frm_primary_label\">Celular\r\n        <span class=\"frm_required\">*<\/span>\r\n    <\/label>\r\n    <input type=\"tel\" id=\"field_mfa90\" name=\"item_meta[80]\" value=\"\"  data-frmmask=\"(99)9-9999-9999\" placeholder=\"Celular\" data-reqmsg=\"Campo obrigat\u00f3rio.\" aria-required=\"true\" data-invmsg=\"Celular inv\u00e1lido.\" aria-invalid=\"false\" pattern=\"\\(\\d\\d\\)\\d-\\d\\d\\d\\d-\\d\\d\\d\\d$\"  \/>\r\n    \r\n    \r\n<\/div>\n<div id=\"frm_field_81_container\" class=\"frm_form_field form-field  frm_required_field frm_none_container\">\r\n    <label for=\"field_g8nff\" class=\"frm_primary_label\">E-mail\r\n        <span class=\"frm_required\">*<\/span>\r\n    <\/label>\r\n    <input type=\"email\" id=\"field_g8nff\" name=\"item_meta[81]\" value=\"\"  placeholder=\"E-mail\" data-reqmsg=\"Campo obrigat\u00f3rio.\" aria-required=\"true\" data-invmsg=\"Email inv\u00e1lido.\" aria-invalid=\"false\"  \/>\r\n    \r\n    \r\n<\/div>\n<div id=\"frm_field_82_container\" class=\"frm_form_field  frm_html_container form-field\">\n<h2>Dados do Edif\u00edcio<\/h2>\n<\/div>\n<div id=\"frm_field_83_container\" class=\"frm_form_field form-field  frm_required_field frm_none_container\">\r\n    <label for=\"field_ggors\" class=\"frm_primary_label\">Nome\r\n        <span class=\"frm_required\">*<\/span>\r\n    <\/label>\r\n    <input  type=\"text\" id=\"field_ggors\" name=\"item_meta[83]\" value=\"\"  placeholder=\"Nome\" data-reqmsg=\"Campo obrigat\u00f3rio.\" aria-required=\"true\" data-invmsg=\"Text is invalid\" aria-invalid=\"false\"   \/>\r\n    \r\n    \r\n<\/div>\n<div id=\"frm_field_84_container\" class=\"frm_form_field form-field  frm_required_field frm_none_container frm_first frm_half\">\r\n    <label for=\"field_wgqz\" class=\"frm_primary_label\">Endere\u00e7o\r\n        <span class=\"frm_required\">*<\/span>\r\n    <\/label>\r\n    <input  type=\"text\" id=\"field_wgqz\" name=\"item_meta[84]\" value=\"\"  placeholder=\"Endere\u00e7o\" data-reqmsg=\"Campo obrigat\u00f3rio.\" aria-required=\"true\" data-invmsg=\"Text is invalid\" aria-invalid=\"false\"   \/>\r\n    \r\n    \r\n<\/div>\n<div id=\"frm_field_85_container\" class=\"frm_form_field form-field  frm_none_container frm_half\">\r\n    <label for=\"field_t17iu\" class=\"frm_primary_label\">Complemento\r\n        <span class=\"frm_required\"><\/span>\r\n    <\/label>\r\n    <input  type=\"text\" id=\"field_t17iu\" name=\"item_meta[85]\" value=\"\"  placeholder=\"Complemento\" data-invmsg=\"Text is invalid\" aria-invalid=\"false\"   \/>\r\n    \r\n    \r\n<\/div>\n<div id=\"frm_field_86_container\" class=\"frm_form_field form-field  frm_none_container frm_first frm_half\">\r\n    <label for=\"field_wzph0\" class=\"frm_primary_label\">Refer\u00eancia\r\n        <span class=\"frm_required\"><\/span>\r\n    <\/label>\r\n    <input  type=\"text\" id=\"field_wzph0\" name=\"item_meta[86]\" value=\"\"  placeholder=\"Refer\u00eancia\" data-invmsg=\"Text is invalid\" aria-invalid=\"false\"   \/>\r\n    \r\n    \r\n<\/div>\n<div id=\"frm_field_87_container\" class=\"frm_form_field form-field  frm_none_container frm_half\">\r\n    <label for=\"field_7rrjc\" class=\"frm_primary_label\">Bairro\r\n        <span class=\"frm_required\"><\/span>\r\n    <\/label>\r\n    <input  type=\"text\" id=\"field_7rrjc\" name=\"item_meta[87]\" value=\"\"  placeholder=\"Bairro\" data-invmsg=\"Text is invalid\" aria-invalid=\"false\"   \/>\r\n    \r\n    \r\n<\/div>\n<div id=\"frm_field_88_container\" class=\"frm_form_field form-field  frm_required_field frm_none_container frm_first frm_half\">\r\n    <label for=\"field_73ikw\" class=\"frm_primary_label\">Cidade\r\n        <span class=\"frm_required\">*<\/span>\r\n    <\/label>\r\n    <input  type=\"text\" id=\"field_73ikw\" name=\"item_meta[88]\" value=\"\"  placeholder=\"Cidade\" data-reqmsg=\"Campo obrigat\u00f3rio.\" aria-required=\"true\" data-invmsg=\"Text is invalid\" aria-invalid=\"false\"   \/>\r\n    \r\n    \r\n<\/div>\n<div id=\"frm_field_89_container\" class=\"frm_form_field form-field  frm_none_container frm_half\">\r\n    <label for=\"field_9anh9\" class=\"frm_primary_label\">CEP\r\n        <span class=\"frm_required\"><\/span>\r\n    <\/label>\r\n    <input  type=\"text\" id=\"field_9anh9\" name=\"item_meta[89]\" value=\"\"  data-frmmask=\"99999-999\" placeholder=\"CEP\" data-invmsg=\"Text is invalid\" aria-invalid=\"false\" pattern=\"\\d\\d\\d\\d\\d-\\d\\d\\d$\"   \/>\r\n    \r\n    \r\n<\/div>\n<div id=\"frm_field_90_container\" class=\"frm_form_field  frm_html_container form-field\">\n<h2>N\u00famero de Unidades<\/h2>\n<\/div>\n<div id=\"frm_field_91_container\" class=\"frm_form_field form-field  frm_none_container frm_first frm_third\">\r\n    <label for=\"field_u3hpy\" class=\"frm_primary_label\">Apartamentos\r\n        <span class=\"frm_required\"><\/span>\r\n    <\/label>\r\n    <input type=\"number\" id=\"field_u3hpy\" name=\"item_meta[91]\" value=\"\" placeholder=\"Apartamentos\" data-invmsg=\"Text is invalid\" aria-invalid=\"false\"   min=\"0\" max=\"9999999\" step=\"any\" \/>\r\n    \r\n    \r\n<\/div>\n<div id=\"frm_field_92_container\" class=\"frm_form_field form-field  frm_none_container frm_third\">\r\n    <label for=\"field_sw68h\" class=\"frm_primary_label\">Salas\r\n        <span class=\"frm_required\"><\/span>\r\n    <\/label>\r\n    <input type=\"number\" id=\"field_sw68h\" name=\"item_meta[92]\" value=\"\" placeholder=\"Salas\" data-invmsg=\"Text is invalid\" aria-invalid=\"false\"   min=\"0\" max=\"9999999\" step=\"any\" \/>\r\n    \r\n    \r\n<\/div>\n<div id=\"frm_field_93_container\" class=\"frm_form_field form-field  frm_none_container frm_third\">\r\n    <label for=\"field_wehx\" class=\"frm_primary_label\">Garagens\r\n        <span class=\"frm_required\"><\/span>\r\n    <\/label>\r\n    <input type=\"number\" id=\"field_wehx\" name=\"item_meta[93]\" value=\"\" placeholder=\"Garagens\" data-invmsg=\"Text is invalid\" aria-invalid=\"false\"   min=\"0\" max=\"9999999\" step=\"any\" \/>\r\n    \r\n    \r\n<\/div>\n<div id=\"frm_field_115_container\" class=\"frm_form_field  frm_html_container form-field\">\n<h3>Outras Informa\u00e7\u00f5es<\/h3>\n<\/div>\n<div id=\"frm_field_114_container\" class=\"frm_form_field form-field  frm_none_container\">\r\n    <label for=\"field_wtwq2\" class=\"frm_primary_label\">Outras Informa\u00e7\u00f5es\r\n        <span class=\"frm_required\"><\/span>\r\n    <\/label>\r\n    <textarea name=\"item_meta[114]\" id=\"field_wtwq2\" rows=\"5\"  data-invmsg=\"Outras Informa\u00e7\u00f5es \u00e9 inv\u00e1lido\" aria-invalid=\"false\"  ><\/textarea>\r\n    \r\n    \r\n<\/div>\n<div id=\"frm_field_131_container\" class=\"frm_form_field form-field  frm_required_field frm_top_container vertical_radio\">\r\n    <div  id=\"field_wb3ad_label\" class=\"frm_primary_label\">\r\n        <span class=\"frm_required\">*<\/span>\r\n    <\/div>\r\n    <div class=\"frm_opt_container\" aria-labelledby=\"field_wb3ad_label\" role=\"group\">\t\t<div class=\"frm_checkbox\" id=\"frm_checkbox_131-0\">\t\t\t<label  for=\"field_wb3ad-0\">\n\t\t\t<input type=\"checkbox\" name=\"item_meta[131][]\" id=\"field_wb3ad-0\" value=\"Estou ciente dos &lt;a href=&quot;https:\/\/pactonet.com.br\/termos-de-uso\/&quot; target=&quot;_blank&quot;&gt;&lt;span style=&quot;text-decoration: underline;&quot;&gt;Termos de Uso&lt;\/span&gt;&lt;\/a&gt; e &lt;a href=&quot;https:\/\/pactonet.com.br\/politica-de-privacidade\/&quot; target=&quot;_blank&quot;&gt;&lt;span style=&quot;text-decoration: underline;&quot;&gt;Pol\u00edticas&lt;\/span&gt;&lt;\/a&gt; da PACTO Administradora.&lt;span class=&quot;frm_required&quot;&gt;*&lt;\/span&gt;\"  data-reqmsg=\"Este campo n\u00e3o pode estar vazio.\" data-invmsg=\"Este campo \u00e9 inv\u00e1lido\" aria-invalid=\"false\"   aria-required=\"true\"  \/> Estou ciente dos <a href=\"https:\/\/pactonet.com.br\/termos-de-uso\/\" target=\"_blank\"><span style=\"text-decoration: underline\">Termos de Uso<\/span><\/a> e <a href=\"https:\/\/pactonet.com.br\/politica-de-privacidade\/\" target=\"_blank\"><span style=\"text-decoration: underline\">Pol\u00edticas<\/span><\/a> da PACTO Administradora.<span class=\"frm_required\">*<\/span><\/label><\/div>\n<\/div>\r\n    \r\n    \r\n<\/div>\n<div id=\"frm_field_128_container\" class=\"frm_form_field form-field  frm_none_container\">\r\n    <label for=\"g-recaptcha-response\" id=\"field_dm3jc_label\" class=\"frm_primary_label\">reCAPTCHA\r\n        <span class=\"frm_required\"><\/span>\r\n    <\/label>\r\n    <div  id=\"field_dm3jc\" class=\"g-recaptcha\" data-sitekey=\"6LcdWdgUAAAAAJ4I2IqFx9ARi_r1rKgDliOQmzF3\" data-size=\"normal\" data-theme=\"light\"><\/div>\r\n    \r\n    \r\n<\/div>\n<div id=\"frm_field_177_container\" class=\"frm_form_field form-field \">\n\t<div class=\"frm_submit\">\r\n\r\n<button class=\"frm_button_submit frm_final_submit\" type=\"submit\"   formnovalidate=\"formnovalidate\">Enviar<\/button>\r\n\r\n<\/div>\n<\/div>\n\t<input type=\"hidden\" name=\"item_key\" value=\"\" \/>\n\t<input name=\"frm_state\" type=\"hidden\" value=\"jy5gc9IIBrjXBfehu8ACK64x9KOa+hH+WLAUEYlXEyQ=\" \/><\/div>\n<\/fieldset>\n<\/div>\n\n<\/form>\n<\/div>\n<\/div>\t\t\t\t<\/div>\n\t\t\t\t<\/div>\n\t\t\t\t\t<\/div>\n\t\t<\/div>\n\t\t\t\t<div class=\"elementor-column elementor-col-50 elementor-top-column elementor-element elementor-element-4e1b23f\" data-id=\"4e1b23f\" data-element_type=\"column\">\n\t\t\t<div class=\"elementor-widget-wrap\">\n\t\t\t\t\t\t\t<\/div>\n\t\t<\/div>\n\t\t\t\t\t<\/div>\n\t\t<\/section>\n\t\t\t\t<\/div>\n\t\t","protected":false},"excerpt":{"rendered":"","protected":false},"author":7,"featured_media":0,"parent":0,"menu_order":0,"comment_status":"closed","ping_status":"closed","template":"","meta":{"ocean_post_layout":"","ocean_both_sidebars_style":"","ocean_both_sidebars_content_width":0,"ocean_both_sidebars_sidebars_width":0,"ocean_sidebar":"0","ocean_second_sidebar":"0","ocean_disable_margins":"on","ocean_add_body_class":"","ocean_shortcode_before_top_bar":"","ocean_shortcode_after_top_bar":"","ocean_shortcode_before_header":"","ocean_shortcode_after_header":"","ocean_has_shortcode":"","ocean_shortcode_after_title":"","ocean_shortcode_before_footer_widgets":"","ocean_shortcode_after_footer_widgets":"","ocean_shortcode_before_footer_bottom":"","ocean_shortcode_after_footer_bottom":"","ocean_display_top_bar":"default","ocean_display_header":"default","ocean_header_style":"","ocean_center_header_left_menu":"0","ocean_custom_header_template":"0","ocean_custom_logo":0,"ocean_custom_retina_logo":0,"ocean_custom_logo_max_width":0,"ocean_custom_logo_tablet_max_width":0,"ocean_custom_logo_mobile_max_width":0,"ocean_custom_logo_max_height":0,"ocean_custom_logo_tablet_max_height":0,"ocean_custom_logo_mobile_max_height":0,"ocean_header_custom_menu":"0","ocean_menu_typo_font_family":"0","ocean_menu_typo_font_subset":"","ocean_menu_typo_font_size":0,"ocean_menu_typo_font_size_tablet":0,"ocean_menu_typo_font_size_mobile":0,"ocean_menu_typo_font_size_unit":"px","ocean_menu_typo_font_weight":"","ocean_menu_typo_font_weight_tablet":"","ocean_menu_typo_font_weight_mobile":"","ocean_menu_typo_transform":"","ocean_menu_typo_transform_tablet":"","ocean_menu_typo_transform_mobile":"","ocean_menu_typo_line_height":0,"ocean_menu_typo_line_height_tablet":0,"ocean_menu_typo_line_height_mobile":0,"ocean_menu_typo_line_height_unit":"","ocean_menu_typo_spacing":0,"ocean_menu_typo_spacing_tablet":0,"ocean_menu_typo_spacing_mobile":0,"ocean_menu_typo_spacing_unit":"","ocean_menu_link_color":"","ocean_menu_link_color_hover":"","ocean_menu_link_color_active":"","ocean_menu_link_background":"","ocean_menu_link_hover_background":"","ocean_menu_link_active_background":"","ocean_menu_social_links_bg":"","ocean_menu_social_hover_links_bg":"","ocean_menu_social_links_color":"","ocean_menu_social_hover_links_color":"","ocean_disable_title":"default","ocean_disable_heading":"default","ocean_post_title":"","ocean_post_subheading":"","ocean_post_title_style":"","ocean_post_title_background_color":"","ocean_post_title_background":0,"ocean_post_title_bg_image_position":"","ocean_post_title_bg_image_attachment":"","ocean_post_title_bg_image_repeat":"","ocean_post_title_bg_image_size":"","ocean_post_title_height":0,"ocean_post_title_bg_overlay":0.5,"ocean_post_title_bg_overlay_color":"","ocean_disable_breadcrumbs":"default","ocean_breadcrumbs_color":"","ocean_breadcrumbs_separator_color":"","ocean_breadcrumbs_links_color":"","ocean_breadcrumbs_links_hover_color":"","ocean_display_footer_widgets":"default","ocean_display_footer_bottom":"default","ocean_custom_footer_template":"0","footnotes":""},"class_list":["post-25","page","type-page","status-publish","hentry","entry"],"yoast_head":"<!-- This site is optimized with the Yoast SEO plugin v24.5 - https:\/\/yoast.com\/wordpress\/plugins\/seo\/ -->\r\n<title>Proposta - PACTO Administradora de Condom\u00ednios<\/title>\r\n<meta name=\"robots\" content=\"index, follow, max-snippet:-1, max-image-preview:large, max-video-preview:-1\" \/>\r\n<link rel=\"canonical\" href=\"https:\/\/pactonet.com.br\/?page_id=25\" \/>\r\n<meta property=\"og:locale\" content=\"pt_BR\" \/>\r\n<meta property=\"og:type\" content=\"article\" \/>\r\n<meta property=\"og:title\" content=\"Proposta - PACTO Administradora de Condom\u00ednios\" \/>\r\n<meta property=\"og:url\" content=\"https:\/\/pactonet.com.br\/?page_id=25\" \/>\r\n<meta property=\"og:site_name\" content=\"PACTO Administradora de Condom\u00ednios\" \/>\r\n<meta property=\"article:publisher\" content=\"https:\/\/www.facebook.com\/PactoAdministradora\" \/>\r\n<meta property=\"article:modified_time\" content=\"2025-10-14T20:51:43+00:00\" \/>\r\n<meta property=\"og:image\" content=\"https:\/\/pactonet.com.br\/pactoWP\/wp-content\/uploads\/2022\/06\/pacto-simbolos-A4-adesivos.png\" \/>\r\n\t<meta property=\"og:image:width\" content=\"5512\" \/>\r\n\t<meta property=\"og:image:height\" content=\"5512\" \/>\r\n\t<meta property=\"og:image:type\" content=\"image\/png\" \/>\r\n<meta name=\"twitter:card\" content=\"summary_large_image\" \/>\r\n<meta name=\"twitter:site\" content=\"@pactoadm\" \/>\r\n<script type=\"application\/ld+json\" class=\"yoast-schema-graph\">{\"@context\":\"https:\/\/schema.org\",\"@graph\":[{\"@type\":\"WebPage\",\"@id\":\"https:\/\/pactonet.com.br\/?page_id=25\",\"url\":\"https:\/\/pactonet.com.br\/?page_id=25\",\"name\":\"Proposta - PACTO Administradora de Condom\u00ednios\",\"isPartOf\":{\"@id\":\"https:\/\/pactonet.com.br\/#website\"},\"datePublished\":\"2018-10-09T20:45:33+00:00\",\"dateModified\":\"2025-10-14T20:51:43+00:00\",\"breadcrumb\":{\"@id\":\"https:\/\/pactonet.com.br\/?page_id=25#breadcrumb\"},\"inLanguage\":\"pt-BR\",\"potentialAction\":[{\"@type\":\"ReadAction\",\"target\":[\"https:\/\/pactonet.com.br\/?page_id=25\"]}]},{\"@type\":\"BreadcrumbList\",\"@id\":\"https:\/\/pactonet.com.br\/?page_id=25#breadcrumb\",\"itemListElement\":[{\"@type\":\"ListItem\",\"position\":1,\"name\":\"In\u00edcio\",\"item\":\"https:\/\/pactonet.com.br\/\"},{\"@type\":\"ListItem\",\"position\":2,\"name\":\"Proposta\"}]},{\"@type\":\"WebSite\",\"@id\":\"https:\/\/pactonet.com.br\/#website\",\"url\":\"https:\/\/pactonet.com.br\/\",\"name\":\"PACTO Administradora de Condom\u00ednios\",\"description\":\"39 anos de experi\u00eancia em Administra\u00e7\u00e3o Condominial. Gest\u00e3o de Condom\u00ednios Eficiente, Inovadora e Transparente.\",\"publisher\":{\"@id\":\"https:\/\/pactonet.com.br\/#organization\"},\"alternateName\":\"pactonet.com.br\",\"potentialAction\":[{\"@type\":\"SearchAction\",\"target\":{\"@type\":\"EntryPoint\",\"urlTemplate\":\"https:\/\/pactonet.com.br\/?s={search_term_string}\"},\"query-input\":{\"@type\":\"PropertyValueSpecification\",\"valueRequired\":true,\"valueName\":\"search_term_string\"}}],\"inLanguage\":\"pt-BR\"},{\"@type\":\"Organization\",\"@id\":\"https:\/\/pactonet.com.br\/#organization\",\"name\":\"PACTO & Co\",\"url\":\"https:\/\/pactonet.com.br\/\",\"logo\":{\"@type\":\"ImageObject\",\"inLanguage\":\"pt-BR\",\"@id\":\"https:\/\/pactonet.com.br\/#\/schema\/logo\/image\/\",\"url\":\"https:\/\/pactonet.com.br\/pactoWP\/wp-content\/uploads\/2022\/06\/PACTO-grupo.png\",\"contentUrl\":\"https:\/\/pactonet.com.br\/pactoWP\/wp-content\/uploads\/2022\/06\/PACTO-grupo.png\",\"width\":850,\"height\":191,\"caption\":\"PACTO & Co\"},\"image\":{\"@id\":\"https:\/\/pactonet.com.br\/#\/schema\/logo\/image\/\"},\"sameAs\":[\"https:\/\/www.facebook.com\/PactoAdministradora\",\"https:\/\/x.com\/pactoadm\",\"https:\/\/www.instagram.com\/pactoadministradora\/\",\"https:\/\/www.linkedin.com\/company\/pacto-administradora\/\",\"https:\/\/www.youtube.com\/channel\/UCFz66Tf3nKExnbRt_NCK_hw\/\"]}]}<\/script>\r\n<!-- \/ Yoast SEO plugin. -->","yoast_head_json":{"title":"Proposta - PACTO Administradora de Condom\u00ednios","robots":{"index":"index","follow":"follow","max-snippet":"max-snippet:-1","max-image-preview":"max-image-preview:large","max-video-preview":"max-video-preview:-1"},"canonical":"https:\/\/pactonet.com.br\/?page_id=25","og_locale":"pt_BR","og_type":"article","og_title":"Proposta - PACTO Administradora de Condom\u00ednios","og_url":"https:\/\/pactonet.com.br\/?page_id=25","og_site_name":"PACTO Administradora de Condom\u00ednios","article_publisher":"https:\/\/www.facebook.com\/PactoAdministradora","article_modified_time":"2025-10-14T20:51:43+00:00","og_image":[{"width":5512,"height":5512,"url":"https:\/\/pactonet.com.br\/pactoWP\/wp-content\/uploads\/2022\/06\/pacto-simbolos-A4-adesivos.png","type":"image\/png"}],"twitter_card":"summary_large_image","twitter_site":"@pactoadm","schema":{"@context":"https:\/\/schema.org","@graph":[{"@type":"WebPage","@id":"https:\/\/pactonet.com.br\/?page_id=25","url":"https:\/\/pactonet.com.br\/?page_id=25","name":"Proposta - PACTO Administradora de Condom\u00ednios","isPartOf":{"@id":"https:\/\/pactonet.com.br\/#website"},"datePublished":"2018-10-09T20:45:33+00:00","dateModified":"2025-10-14T20:51:43+00:00","breadcrumb":{"@id":"https:\/\/pactonet.com.br\/?page_id=25#breadcrumb"},"inLanguage":"pt-BR","potentialAction":[{"@type":"ReadAction","target":["https:\/\/pactonet.com.br\/?page_id=25"]}]},{"@type":"BreadcrumbList","@id":"https:\/\/pactonet.com.br\/?page_id=25#breadcrumb","itemListElement":[{"@type":"ListItem","position":1,"name":"In\u00edcio","item":"https:\/\/pactonet.com.br\/"},{"@type":"ListItem","position":2,"name":"Proposta"}]},{"@type":"WebSite","@id":"https:\/\/pactonet.com.br\/#website","url":"https:\/\/pactonet.com.br\/","name":"PACTO Administradora de Condom\u00ednios","description":"39 anos de experi\u00eancia em Administra\u00e7\u00e3o Condominial. Gest\u00e3o de Condom\u00ednios Eficiente, Inovadora e Transparente.","publisher":{"@id":"https:\/\/pactonet.com.br\/#organization"},"alternateName":"pactonet.com.br","potentialAction":[{"@type":"SearchAction","target":{"@type":"EntryPoint","urlTemplate":"https:\/\/pactonet.com.br\/?s={search_term_string}"},"query-input":{"@type":"PropertyValueSpecification","valueRequired":true,"valueName":"search_term_string"}}],"inLanguage":"pt-BR"},{"@type":"Organization","@id":"https:\/\/pactonet.com.br\/#organization","name":"PACTO & Co","url":"https:\/\/pactonet.com.br\/","logo":{"@type":"ImageObject","inLanguage":"pt-BR","@id":"https:\/\/pactonet.com.br\/#\/schema\/logo\/image\/","url":"https:\/\/pactonet.com.br\/pactoWP\/wp-content\/uploads\/2022\/06\/PACTO-grupo.png","contentUrl":"https:\/\/pactonet.com.br\/pactoWP\/wp-content\/uploads\/2022\/06\/PACTO-grupo.png","width":850,"height":191,"caption":"PACTO & Co"},"image":{"@id":"https:\/\/pactonet.com.br\/#\/schema\/logo\/image\/"},"sameAs":["https:\/\/www.facebook.com\/PactoAdministradora","https:\/\/x.com\/pactoadm","https:\/\/www.instagram.com\/pactoadministradora\/","https:\/\/www.linkedin.com\/company\/pacto-administradora\/","https:\/\/www.youtube.com\/channel\/UCFz66Tf3nKExnbRt_NCK_hw\/"]}]}},"_links":{"self":[{"href":"https:\/\/pactonet.com.br\/index.php?rest_route=\/wp\/v2\/pages\/25","targetHints":{"allow":["GET"]}}],"collection":[{"href":"https:\/\/pactonet.com.br\/index.php?rest_route=\/wp\/v2\/pages"}],"about":[{"href":"https:\/\/pactonet.com.br\/index.php?rest_route=\/wp\/v2\/types\/page"}],"author":[{"embeddable":true,"href":"https:\/\/pactonet.com.br\/index.php?rest_route=\/wp\/v2\/users\/7"}],"replies":[{"embeddable":true,"href":"https:\/\/pactonet.com.br\/index.php?rest_route=%2Fwp%2Fv2%2Fcomments&post=25"}],"version-history":[{"count":13,"href":"https:\/\/pactonet.com.br\/index.php?rest_route=\/wp\/v2\/pages\/25\/revisions"}],"predecessor-version":[{"id":10263,"href":"https:\/\/pactonet.com.br\/index.php?rest_route=\/wp\/v2\/pages\/25\/revisions\/10263"}],"wp:attachment":[{"href":"https:\/\/pactonet.com.br\/index.php?rest_route=%2Fwp%2Fv2%2Fmedia&parent=25"}],"curies":[{"name":"wp","href":"https:\/\/api.w.org\/{rel}","templated":true}]}}