{"id":6780,"date":"2023-05-03T18:24:15","date_gmt":"2023-05-03T21:24:15","guid":{"rendered":"https:\/\/pactonet.com.br\/?page_id=6780"},"modified":"2024-01-31T13:32:35","modified_gmt":"2024-01-31T16:32:35","slug":"trabalhe-conosco","status":"publish","type":"page","link":"https:\/\/pactonet.com.br\/?page_id=6780","title":{"rendered":"Trabalhe Conosco"},"content":{"rendered":"\n<p><strong>Junte-se \u00e0 Nossa Equipe!<\/strong><\/p>\n\n\n\n<p>Estamos sempre em busca de novos talentos para \u00e0 nossa equipe. Se voc\u00ea quer fazer a diferen\u00e7a no mundo dos condom\u00ednios, mercado imobili\u00e1rio, seguros ou certifica\u00e7\u00e3o digital, e est\u00e1 pronto para enfrentar novos desafios, n\u00f3s gostar\u00edamos de ouvir de voc\u00ea!<\/p>\n\n\n\n<p>Para se candidatar, envie seu curr\u00edculo atualizado para <a>recrutamento@pactonet.com.br<\/a>. No corpo do e-mail, sinta-se \u00e0 vontade para nos contar um pouco sobre voc\u00ea e por que gostaria de fazer parte da nossa equipe.<\/p>\n\n\n\n<p>Cada candidatura ser\u00e1 avaliada cuidadosamente, e entraremos em contato se o seu perfil se alinhar com as nossas necessidades atuais.<\/p>\n\n\n\n<p>Agradecemos o seu interesse em fazer parte da nossa empresa e esperamos receber seu curr\u00edculo!<\/p>\n\n\n\n<p>Boa sorte!<\/p>\n","protected":false},"excerpt":{"rendered":"<p>Junte-se \u00e0 Nossa Equipe! Estamos sempre em busca de novos talentos para \u00e0 nossa equipe. Se voc\u00ea quer fazer a diferen\u00e7a no mundo dos condom\u00ednios, mercado imobili\u00e1rio, seguros ou certifica\u00e7\u00e3o digital, e est\u00e1 pronto para enfrentar novos desafios, n\u00f3s gostar\u00edamos de ouvir de voc\u00ea! Para se candidatar, envie seu curr\u00edculo atualizado para recrutamento@pactonet.com.br. No corpo [&hellip;]<\/p>\n","protected":false},"author":7,"featured_media":0,"parent":0,"menu_order":0,"comment_status":"closed","ping_status":"closed","template":"","meta":{"ocean_post_layout":"","ocean_both_sidebars_style":"","ocean_both_sidebars_content_width":0,"ocean_both_sidebars_sidebars_width":0,"ocean_sidebar":"0","ocean_second_sidebar":"0","ocean_disable_margins":"enable","ocean_add_body_class":"","ocean_shortcode_before_top_bar":"","ocean_shortcode_after_top_bar":"","ocean_shortcode_before_header":"","ocean_shortcode_after_header":"","ocean_has_shortcode":"","ocean_shortcode_after_title":"","ocean_shortcode_before_footer_widgets":"","ocean_shortcode_after_footer_widgets":"","ocean_shortcode_before_footer_bottom":"","ocean_shortcode_after_footer_bottom":"","ocean_display_top_bar":"default","ocean_display_header":"default","ocean_header_style":"","ocean_center_header_left_menu":"0","ocean_custom_header_template":"0","ocean_custom_logo":0,"ocean_custom_retina_logo":0,"ocean_custom_logo_max_width":0,"ocean_custom_logo_tablet_max_width":0,"ocean_custom_logo_mobile_max_width":0,"ocean_custom_logo_max_height":0,"ocean_custom_logo_tablet_max_height":0,"ocean_custom_logo_mobile_max_height":0,"ocean_header_custom_menu":"0","ocean_menu_typo_font_family":"0","ocean_menu_typo_font_subset":"","ocean_menu_typo_font_size":0,"ocean_menu_typo_font_size_tablet":0,"ocean_menu_typo_font_size_mobile":0,"ocean_menu_typo_font_size_unit":"px","ocean_menu_typo_font_weight":"","ocean_menu_typo_font_weight_tablet":"","ocean_menu_typo_font_weight_mobile":"","ocean_menu_typo_transform":"","ocean_menu_typo_transform_tablet":"","ocean_menu_typo_transform_mobile":"","ocean_menu_typo_line_height":0,"ocean_menu_typo_line_height_tablet":0,"ocean_menu_typo_line_height_mobile":0,"ocean_menu_typo_line_height_unit":"","ocean_menu_typo_spacing":0,"ocean_menu_typo_spacing_tablet":0,"ocean_menu_typo_spacing_mobile":0,"ocean_menu_typo_spacing_unit":"","ocean_menu_link_color":"","ocean_menu_link_color_hover":"","ocean_menu_link_color_active":"","ocean_menu_link_background":"","ocean_menu_link_hover_background":"","ocean_menu_link_active_background":"","ocean_menu_social_links_bg":"","ocean_menu_social_hover_links_bg":"","ocean_menu_social_links_color":"","ocean_menu_social_hover_links_color":"","ocean_disable_title":"default","ocean_disable_heading":"default","ocean_post_title":"","ocean_post_subheading":"","ocean_post_title_style":"","ocean_post_title_background_color":"","ocean_post_title_background":0,"ocean_post_title_bg_image_position":"","ocean_post_title_bg_image_attachment":"","ocean_post_title_bg_image_repeat":"","ocean_post_title_bg_image_size":"","ocean_post_title_height":0,"ocean_post_title_bg_overlay":0.5,"ocean_post_title_bg_overlay_color":"","ocean_disable_breadcrumbs":"default","ocean_breadcrumbs_color":"","ocean_breadcrumbs_separator_color":"","ocean_breadcrumbs_links_color":"","ocean_breadcrumbs_links_hover_color":"","ocean_display_footer_widgets":"default","ocean_display_footer_bottom":"default","ocean_custom_footer_template":"0","footnotes":""},"class_list":["post-6780","page","type-page","status-publish","hentry","entry"],"yoast_head":"<!-- This site is optimized with the Yoast SEO plugin v24.5 - https:\/\/yoast.com\/wordpress\/plugins\/seo\/ -->\r\n<title>Trabalhe Conosco - PACTO Administradora de Condom\u00ednios<\/title>\r\n<meta name=\"description\" content=\"Fa\u00e7a parte do Grupo PACTO. Trabalhe conosco e ajude a criar para nossos clientes um ambiente de conforto e bem-estar.\" \/>\r\n<meta name=\"robots\" content=\"index, follow, max-snippet:-1, max-image-preview:large, max-video-preview:-1\" \/>\r\n<link rel=\"canonical\" href=\"https:\/\/pactonet.com.br\/?page_id=6780\" \/>\r\n<meta property=\"og:locale\" content=\"pt_BR\" \/>\r\n<meta property=\"og:type\" content=\"article\" \/>\r\n<meta property=\"og:title\" content=\"Trabalhe Conosco - PACTO Administradora de Condom\u00ednios\" \/>\r\n<meta property=\"og:description\" content=\"Fa\u00e7a parte do Grupo PACTO. Trabalhe conosco e ajude a criar para nossos clientes um ambiente de conforto e bem-estar.\" \/>\r\n<meta property=\"og:url\" content=\"https:\/\/pactonet.com.br\/?page_id=6780\" \/>\r\n<meta property=\"og:site_name\" content=\"PACTO Administradora de Condom\u00ednios\" \/>\r\n<meta property=\"article:publisher\" content=\"https:\/\/www.facebook.com\/PactoAdministradora\" \/>\r\n<meta property=\"article:modified_time\" content=\"2024-01-31T16:32:35+00:00\" \/>\r\n<meta property=\"og:image\" content=\"https:\/\/pactonet.com.br\/pactoWP\/wp-content\/uploads\/2022\/06\/pacto-simbolos-A4-adesivos.png\" \/>\r\n\t<meta property=\"og:image:width\" content=\"5512\" \/>\r\n\t<meta property=\"og:image:height\" content=\"5512\" \/>\r\n\t<meta property=\"og:image:type\" content=\"image\/png\" \/>\r\n<meta name=\"twitter:card\" content=\"summary_large_image\" \/>\r\n<meta name=\"twitter:site\" content=\"@pactoadm\" \/>\r\n<meta name=\"twitter:label1\" content=\"Est. tempo de leitura\" \/>\n\t<meta name=\"twitter:data1\" content=\"1 minuto\" \/>\r\n<script type=\"application\/ld+json\" class=\"yoast-schema-graph\">{\"@context\":\"https:\/\/schema.org\",\"@graph\":[{\"@type\":\"WebPage\",\"@id\":\"https:\/\/pactonet.com.br\/?page_id=6780\",\"url\":\"https:\/\/pactonet.com.br\/?page_id=6780\",\"name\":\"Trabalhe Conosco - PACTO Administradora de Condom\u00ednios\",\"isPartOf\":{\"@id\":\"https:\/\/pactonet.com.br\/#website\"},\"datePublished\":\"2023-05-03T21:24:15+00:00\",\"dateModified\":\"2024-01-31T16:32:35+00:00\",\"description\":\"Fa\u00e7a parte do Grupo PACTO. Trabalhe conosco e ajude a criar para nossos clientes um ambiente de conforto e bem-estar.\",\"breadcrumb\":{\"@id\":\"https:\/\/pactonet.com.br\/?page_id=6780#breadcrumb\"},\"inLanguage\":\"pt-BR\",\"potentialAction\":[{\"@type\":\"ReadAction\",\"target\":[\"https:\/\/pactonet.com.br\/?page_id=6780\"]}]},{\"@type\":\"BreadcrumbList\",\"@id\":\"https:\/\/pactonet.com.br\/?page_id=6780#breadcrumb\",\"itemListElement\":[{\"@type\":\"ListItem\",\"position\":1,\"name\":\"In\u00edcio\",\"item\":\"https:\/\/pactonet.com.br\/\"},{\"@type\":\"ListItem\",\"position\":2,\"name\":\"Trabalhe Conosco\"}]},{\"@type\":\"WebSite\",\"@id\":\"https:\/\/pactonet.com.br\/#website\",\"url\":\"https:\/\/pactonet.com.br\/\",\"name\":\"PACTO Administradora de Condom\u00ednios\",\"description\":\"39 anos de experi\u00eancia em Administra\u00e7\u00e3o Condominial. Gest\u00e3o de Condom\u00ednios Eficiente, Inovadora e Transparente.\",\"publisher\":{\"@id\":\"https:\/\/pactonet.com.br\/#organization\"},\"alternateName\":\"pactonet.com.br\",\"potentialAction\":[{\"@type\":\"SearchAction\",\"target\":{\"@type\":\"EntryPoint\",\"urlTemplate\":\"https:\/\/pactonet.com.br\/?s={search_term_string}\"},\"query-input\":{\"@type\":\"PropertyValueSpecification\",\"valueRequired\":true,\"valueName\":\"search_term_string\"}}],\"inLanguage\":\"pt-BR\"},{\"@type\":\"Organization\",\"@id\":\"https:\/\/pactonet.com.br\/#organization\",\"name\":\"PACTO & Co\",\"url\":\"https:\/\/pactonet.com.br\/\",\"logo\":{\"@type\":\"ImageObject\",\"inLanguage\":\"pt-BR\",\"@id\":\"https:\/\/pactonet.com.br\/#\/schema\/logo\/image\/\",\"url\":\"https:\/\/pactonet.com.br\/pactoWP\/wp-content\/uploads\/2022\/06\/PACTO-grupo.png\",\"contentUrl\":\"https:\/\/pactonet.com.br\/pactoWP\/wp-content\/uploads\/2022\/06\/PACTO-grupo.png\",\"width\":850,\"height\":191,\"caption\":\"PACTO & Co\"},\"image\":{\"@id\":\"https:\/\/pactonet.com.br\/#\/schema\/logo\/image\/\"},\"sameAs\":[\"https:\/\/www.facebook.com\/PactoAdministradora\",\"https:\/\/x.com\/pactoadm\",\"https:\/\/www.instagram.com\/pactoadministradora\/\",\"https:\/\/www.linkedin.com\/company\/pacto-administradora\/\",\"https:\/\/www.youtube.com\/channel\/UCFz66Tf3nKExnbRt_NCK_hw\/\"]}]}<\/script>\r\n<!-- \/ Yoast SEO plugin. -->","yoast_head_json":{"title":"Trabalhe Conosco - PACTO Administradora de Condom\u00ednios","description":"Fa\u00e7a parte do Grupo PACTO. Trabalhe conosco e ajude a criar para nossos clientes um ambiente de conforto e bem-estar.","robots":{"index":"index","follow":"follow","max-snippet":"max-snippet:-1","max-image-preview":"max-image-preview:large","max-video-preview":"max-video-preview:-1"},"canonical":"https:\/\/pactonet.com.br\/?page_id=6780","og_locale":"pt_BR","og_type":"article","og_title":"Trabalhe Conosco - PACTO Administradora de Condom\u00ednios","og_description":"Fa\u00e7a parte do Grupo PACTO. Trabalhe conosco e ajude a criar para nossos clientes um ambiente de conforto e bem-estar.","og_url":"https:\/\/pactonet.com.br\/?page_id=6780","og_site_name":"PACTO Administradora de Condom\u00ednios","article_publisher":"https:\/\/www.facebook.com\/PactoAdministradora","article_modified_time":"2024-01-31T16:32:35+00:00","og_image":[{"width":5512,"height":5512,"url":"https:\/\/pactonet.com.br\/pactoWP\/wp-content\/uploads\/2022\/06\/pacto-simbolos-A4-adesivos.png","type":"image\/png"}],"twitter_card":"summary_large_image","twitter_site":"@pactoadm","twitter_misc":{"Est. tempo de leitura":"1 minuto"},"schema":{"@context":"https:\/\/schema.org","@graph":[{"@type":"WebPage","@id":"https:\/\/pactonet.com.br\/?page_id=6780","url":"https:\/\/pactonet.com.br\/?page_id=6780","name":"Trabalhe Conosco - PACTO Administradora de Condom\u00ednios","isPartOf":{"@id":"https:\/\/pactonet.com.br\/#website"},"datePublished":"2023-05-03T21:24:15+00:00","dateModified":"2024-01-31T16:32:35+00:00","description":"Fa\u00e7a parte do Grupo PACTO. Trabalhe conosco e ajude a criar para nossos clientes um ambiente de conforto e bem-estar.","breadcrumb":{"@id":"https:\/\/pactonet.com.br\/?page_id=6780#breadcrumb"},"inLanguage":"pt-BR","potentialAction":[{"@type":"ReadAction","target":["https:\/\/pactonet.com.br\/?page_id=6780"]}]},{"@type":"BreadcrumbList","@id":"https:\/\/pactonet.com.br\/?page_id=6780#breadcrumb","itemListElement":[{"@type":"ListItem","position":1,"name":"In\u00edcio","item":"https:\/\/pactonet.com.br\/"},{"@type":"ListItem","position":2,"name":"Trabalhe Conosco"}]},{"@type":"WebSite","@id":"https:\/\/pactonet.com.br\/#website","url":"https:\/\/pactonet.com.br\/","name":"PACTO Administradora de Condom\u00ednios","description":"39 anos de experi\u00eancia em Administra\u00e7\u00e3o Condominial. Gest\u00e3o de Condom\u00ednios Eficiente, Inovadora e Transparente.","publisher":{"@id":"https:\/\/pactonet.com.br\/#organization"},"alternateName":"pactonet.com.br","potentialAction":[{"@type":"SearchAction","target":{"@type":"EntryPoint","urlTemplate":"https:\/\/pactonet.com.br\/?s={search_term_string}"},"query-input":{"@type":"PropertyValueSpecification","valueRequired":true,"valueName":"search_term_string"}}],"inLanguage":"pt-BR"},{"@type":"Organization","@id":"https:\/\/pactonet.com.br\/#organization","name":"PACTO & Co","url":"https:\/\/pactonet.com.br\/","logo":{"@type":"ImageObject","inLanguage":"pt-BR","@id":"https:\/\/pactonet.com.br\/#\/schema\/logo\/image\/","url":"https:\/\/pactonet.com.br\/pactoWP\/wp-content\/uploads\/2022\/06\/PACTO-grupo.png","contentUrl":"https:\/\/pactonet.com.br\/pactoWP\/wp-content\/uploads\/2022\/06\/PACTO-grupo.png","width":850,"height":191,"caption":"PACTO & Co"},"image":{"@id":"https:\/\/pactonet.com.br\/#\/schema\/logo\/image\/"},"sameAs":["https:\/\/www.facebook.com\/PactoAdministradora","https:\/\/x.com\/pactoadm","https:\/\/www.instagram.com\/pactoadministradora\/","https:\/\/www.linkedin.com\/company\/pacto-administradora\/","https:\/\/www.youtube.com\/channel\/UCFz66Tf3nKExnbRt_NCK_hw\/"]}]}},"_links":{"self":[{"href":"https:\/\/pactonet.com.br\/index.php?rest_route=\/wp\/v2\/pages\/6780","targetHints":{"allow":["GET"]}}],"collection":[{"href":"https:\/\/pactonet.com.br\/index.php?rest_route=\/wp\/v2\/pages"}],"about":[{"href":"https:\/\/pactonet.com.br\/index.php?rest_route=\/wp\/v2\/types\/page"}],"author":[{"embeddable":true,"href":"https:\/\/pactonet.com.br\/index.php?rest_route=\/wp\/v2\/users\/7"}],"replies":[{"embeddable":true,"href":"https:\/\/pactonet.com.br\/index.php?rest_route=%2Fwp%2Fv2%2Fcomments&post=6780"}],"version-history":[{"count":3,"href":"https:\/\/pactonet.com.br\/index.php?rest_route=\/wp\/v2\/pages\/6780\/revisions"}],"predecessor-version":[{"id":7392,"href":"https:\/\/pactonet.com.br\/index.php?rest_route=\/wp\/v2\/pages\/6780\/revisions\/7392"}],"wp:attachment":[{"href":"https:\/\/pactonet.com.br\/index.php?rest_route=%2Fwp%2Fv2%2Fmedia&parent=6780"}],"curies":[{"name":"wp","href":"https:\/\/api.w.org\/{rel}","templated":true}]}}